{"id":1002,"date":"2025-07-25T15:25:11","date_gmt":"2025-07-25T20:25:11","guid":{"rendered":"https:\/\/etrai.com\/bo\/?post_type=product&#038;p=1002"},"modified":"2026-02-26T14:26:39","modified_gmt":"2026-02-26T19:26:39","slug":"filtro-de-carbon-activado-tipo-bloque-tamano-20x25-poro-5-%c2%b5m","status":"publish","type":"product","link":"https:\/\/etrai.com\/bo\/producto\/filtro-de-carbon-activado-tipo-bloque-tamano-20x25-poro-5-%c2%b5m\/","title":{"rendered":"Filtro de Carb\u00f3n Activado \/ Tipo: Bloque \/ Tama\u00f1o: 20&#8243;x2,5&#8243; \/ Poro: 5 \u00b5m"},"content":{"rendered":"","protected":false},"excerpt":{"rendered":"<ul>\n<li>Filtro de Carb\u00f3n Activado<\/li>\n<li>Tipo: Bloque<\/li>\n<li>Tama\u00f1o: 20X2,5 Pulgadas<\/li>\n<li>Tama\u00f1o de poro: 5 micrones<\/li>\n<\/ul>\n<p>Este filtro de carb\u00f3n activado tipo bloque est\u00e1 dise\u00f1ado para mejorar la calidad del agua mediante la adsorci\u00f3n eficiente de cloro, compuestos org\u00e1nicos, malos olores, sabores desagradables y productos qu\u00edmicos comunes presentes en el agua potable. Su estructura en bloque compacto ofrece una mayor densidad y contacto prolongado con el agua, optimizando la capacidad de filtraci\u00f3n y garantizando una purificaci\u00f3n m\u00e1s efectiva<\/p>\n","protected":false},"featured_media":1498,"template":"","meta":{"_acf_changed":false,"_joinchat":[]},"product_brand":[],"product_cat":[25,31],"product_tag":[],"class_list":{"0":"post-1002","1":"product","2":"type-product","3":"status-publish","4":"has-post-thumbnail","6":"product_cat-cartuchos-de-filtros","7":"product_cat-carbon-activado-tipo-bloque","9":"first","10":"instock","11":"shipping-taxable","12":"product-type-simple"},"acf":[],"_links":{"self":[{"href":"https:\/\/etrai.com\/bo\/wp-json\/wp\/v2\/product\/1002","targetHints":{"allow":["GET"]}}],"collection":[{"href":"https:\/\/etrai.com\/bo\/wp-json\/wp\/v2\/product"}],"about":[{"href":"https:\/\/etrai.com\/bo\/wp-json\/wp\/v2\/types\/product"}],"wp:featuredmedia":[{"embeddable":true,"href":"https:\/\/etrai.com\/bo\/wp-json\/wp\/v2\/media\/1498"}],"wp:attachment":[{"href":"https:\/\/etrai.com\/bo\/wp-json\/wp\/v2\/media?parent=1002"}],"wp:term":[{"taxonomy":"product_brand","embeddable":true,"href":"https:\/\/etrai.com\/bo\/wp-json\/wp\/v2\/product_brand?post=1002"},{"taxonomy":"product_cat","embeddable":true,"href":"https:\/\/etrai.com\/bo\/wp-json\/wp\/v2\/product_cat?post=1002"},{"taxonomy":"product_tag","embeddable":true,"href":"https:\/\/etrai.com\/bo\/wp-json\/wp\/v2\/product_tag?post=1002"}],"curies":[{"name":"wp","href":"https:\/\/api.w.org\/{rel}","templated":true}]}}