{"id":1004,"date":"2025-07-25T15:43:40","date_gmt":"2025-07-25T20:43:40","guid":{"rendered":"https:\/\/etrai.com\/bo\/?post_type=product&#038;p=1004"},"modified":"2026-01-15T15:00:45","modified_gmt":"2026-01-15T20:00:45","slug":"filtro-de-carbon-activado-tipo-bloque-20x45%e2%80%b3-10-%c2%b5","status":"publish","type":"product","link":"https:\/\/etrai.com\/bo\/producto\/filtro-de-carbon-activado-tipo-bloque-20x45%e2%80%b3-10-%c2%b5\/","title":{"rendered":"Filtro de Carb\u00f3n Activado \/ Tipo: Bloque \/ Tama\u00f1o: 20&#8243;\u00d74,5\u2033 \/ Poro: 5 \u00b5m"},"content":{"rendered":"","protected":false},"excerpt":{"rendered":"<ul>\n<li>Filtro de Carb\u00f3n Activado<\/li>\n<li>Tipo: Bloque<\/li>\n<li>Tama\u00f1o: 20X4,5 Pulgadas<\/li>\n<li>Tama\u00f1o de poro: 5 micrones<\/li>\n<\/ul>\n<p>Este filtro de carb\u00f3n activado tipo bloque est\u00e1 dise\u00f1ado para mejorar la calidad del agua mediante la adsorci\u00f3n eficiente de cloro, compuestos org\u00e1nicos, malos olores, sabores desagradables y productos qu\u00edmicos comunes presentes en el agua potable. Su estructura en bloque compacto ofrece una mayor densidad y contacto prolongado con el agua, optimizando la capacidad de filtraci\u00f3n y garantizando una purificaci\u00f3n m\u00e1s efectiva<\/p>\n","protected":false},"featured_media":1500,"template":"","meta":{"_acf_changed":false,"_joinchat":[]},"product_brand":[],"product_cat":[25,31],"product_tag":[],"class_list":{"0":"post-1004","1":"product","2":"type-product","3":"status-publish","4":"has-post-thumbnail","6":"product_cat-cartuchos-de-filtros","7":"product_cat-carbon-activado-tipo-bloque","9":"first","10":"instock","11":"shipping-taxable","12":"product-type-simple"},"acf":[],"_links":{"self":[{"href":"https:\/\/etrai.com\/bo\/wp-json\/wp\/v2\/product\/1004","targetHints":{"allow":["GET"]}}],"collection":[{"href":"https:\/\/etrai.com\/bo\/wp-json\/wp\/v2\/product"}],"about":[{"href":"https:\/\/etrai.com\/bo\/wp-json\/wp\/v2\/types\/product"}],"wp:featuredmedia":[{"embeddable":true,"href":"https:\/\/etrai.com\/bo\/wp-json\/wp\/v2\/media\/1500"}],"wp:attachment":[{"href":"https:\/\/etrai.com\/bo\/wp-json\/wp\/v2\/media?parent=1004"}],"wp:term":[{"taxonomy":"product_brand","embeddable":true,"href":"https:\/\/etrai.com\/bo\/wp-json\/wp\/v2\/product_brand?post=1004"},{"taxonomy":"product_cat","embeddable":true,"href":"https:\/\/etrai.com\/bo\/wp-json\/wp\/v2\/product_cat?post=1004"},{"taxonomy":"product_tag","embeddable":true,"href":"https:\/\/etrai.com\/bo\/wp-json\/wp\/v2\/product_tag?post=1004"}],"curies":[{"name":"wp","href":"https:\/\/api.w.org\/{rel}","templated":true}]}}