{"id":1029,"date":"2025-07-29T14:20:17","date_gmt":"2025-07-29T19:20:17","guid":{"rendered":"https:\/\/etrai.com\/bo\/?post_type=product&#038;p=1029"},"modified":"2026-01-15T14:21:36","modified_gmt":"2026-01-15T19:21:36","slug":"filtro-tipo-hilo-pp-20x25%e2%80%b3-5-%c2%b5","status":"publish","type":"product","link":"https:\/\/etrai.com\/bo\/producto\/filtro-tipo-hilo-pp-20x25%e2%80%b3-5-%c2%b5\/","title":{"rendered":"Filtro de Sedimentos \/ Tipo: Enrrollado de Hilo \/ Tama\u00f1o: 20&#8243;\u00d72,5\u2033 \/ Poro: 5 \u00b5m"},"content":{"rendered":"","protected":false},"excerpt":{"rendered":"<ul>\n<li>Filtro de sedimentos<\/li>\n<li>Tipo: Enrrollado de hilo<\/li>\n<li>Material: Polipropileno<\/li>\n<li>Tama\u00f1o: 20&#215;2,5 Pulgadas<\/li>\n<li>Tama\u00f1o de poro: 5 micrones<\/li>\n<\/ul>\n<p>Los filtros de hilo enrollado est\u00e1n dise\u00f1ados para la remoci\u00f3n eficiente de sedimentos como arena, limo y \u00f3xidos en sistemas de tratamiento de agua. Fabricados en polipropileno con gradiente de densidad, ofrecen alta capacidad de retenci\u00f3n, mayor vida \u00fatil y una excelente relaci\u00f3n costo-rendimiento.<\/p>\n","protected":false},"featured_media":1489,"template":"","meta":{"_acf_changed":false,"_joinchat":[]},"product_brand":[],"product_cat":[25,30],"product_tag":[],"class_list":{"0":"post-1029","1":"product","2":"type-product","3":"status-publish","4":"has-post-thumbnail","6":"product_cat-cartuchos-de-filtros","7":"product_cat-enrrollado-de-hilo","9":"first","10":"instock","11":"shipping-taxable","12":"product-type-simple"},"acf":[],"_links":{"self":[{"href":"https:\/\/etrai.com\/bo\/wp-json\/wp\/v2\/product\/1029","targetHints":{"allow":["GET"]}}],"collection":[{"href":"https:\/\/etrai.com\/bo\/wp-json\/wp\/v2\/product"}],"about":[{"href":"https:\/\/etrai.com\/bo\/wp-json\/wp\/v2\/types\/product"}],"wp:featuredmedia":[{"embeddable":true,"href":"https:\/\/etrai.com\/bo\/wp-json\/wp\/v2\/media\/1489"}],"wp:attachment":[{"href":"https:\/\/etrai.com\/bo\/wp-json\/wp\/v2\/media?parent=1029"}],"wp:term":[{"taxonomy":"product_brand","embeddable":true,"href":"https:\/\/etrai.com\/bo\/wp-json\/wp\/v2\/product_brand?post=1029"},{"taxonomy":"product_cat","embeddable":true,"href":"https:\/\/etrai.com\/bo\/wp-json\/wp\/v2\/product_cat?post=1029"},{"taxonomy":"product_tag","embeddable":true,"href":"https:\/\/etrai.com\/bo\/wp-json\/wp\/v2\/product_tag?post=1029"}],"curies":[{"name":"wp","href":"https:\/\/api.w.org\/{rel}","templated":true}]}}