{"id":1234,"date":"2025-08-19T14:30:11","date_gmt":"2025-08-19T19:30:11","guid":{"rendered":"https:\/\/etrai.com\/bo\/?post_type=product&#038;p=1234"},"modified":"2025-10-29T10:10:09","modified_gmt":"2025-10-29T15:10:09","slug":"bomba-injecta-gea-bl3-7-18-lph","status":"publish","type":"product","link":"https:\/\/etrai.com\/bo\/producto\/bomba-injecta-gea-bl3-7-18-lph\/","title":{"rendered":"Bomba INJECTA \/ GEA &#8211; BL3 \/ 7 &#8211; 18 LPH"},"content":{"rendered":"","protected":false},"excerpt":{"rendered":"<ul>\n<li>Bomba tipo: Dosificadora electromagn\u00e9tica<\/li>\n<li>Marca: INJECTA<\/li>\n<li>Modelo: GEA &#8211; BL3<\/li>\n<li>Presi\u00f3n: 16 &#8211; 1 Bar<\/li>\n<li>Caudal: 7 &#8211; 18\u00a0 LPH<\/li>\n<li>Procedencia: Italiana<\/li>\n<\/ul>\n<p>La bomba dosificadora es un equipo de alta precisi\u00f3n, dise\u00f1ado para la dosificaci\u00f3n controlada de productos qu\u00edmicos y reactivos en procesos industriales y de tratamiento de aguas. Su dise\u00f1o robusto y confiable la hace ideal para aplicaciones que exigen exactitud en la dosificaci\u00f3n, asegurando una operaci\u00f3n eficiente y segura en todo momento.<\/p>\n","protected":false},"featured_media":908,"template":"","meta":{"_acf_changed":false,"_joinchat":[]},"product_brand":[112],"product_cat":[81,82],"product_tag":[],"class_list":{"0":"post-1234","1":"product","2":"type-product","3":"status-publish","4":"has-post-thumbnail","6":"product_brand-injecta","7":"product_cat-bombas","8":"product_cat-bombas-dosificadoras","10":"first","11":"instock","12":"shipping-taxable","13":"product-type-simple"},"acf":[],"_links":{"self":[{"href":"https:\/\/etrai.com\/bo\/wp-json\/wp\/v2\/product\/1234","targetHints":{"allow":["GET"]}}],"collection":[{"href":"https:\/\/etrai.com\/bo\/wp-json\/wp\/v2\/product"}],"about":[{"href":"https:\/\/etrai.com\/bo\/wp-json\/wp\/v2\/types\/product"}],"wp:featuredmedia":[{"embeddable":true,"href":"https:\/\/etrai.com\/bo\/wp-json\/wp\/v2\/media\/908"}],"wp:attachment":[{"href":"https:\/\/etrai.com\/bo\/wp-json\/wp\/v2\/media?parent=1234"}],"wp:term":[{"taxonomy":"product_brand","embeddable":true,"href":"https:\/\/etrai.com\/bo\/wp-json\/wp\/v2\/product_brand?post=1234"},{"taxonomy":"product_cat","embeddable":true,"href":"https:\/\/etrai.com\/bo\/wp-json\/wp\/v2\/product_cat?post=1234"},{"taxonomy":"product_tag","embeddable":true,"href":"https:\/\/etrai.com\/bo\/wp-json\/wp\/v2\/product_tag?post=1234"}],"curies":[{"name":"wp","href":"https:\/\/api.w.org\/{rel}","templated":true}]}}