{"id":1237,"date":"2025-08-20T09:43:06","date_gmt":"2025-08-20T14:43:06","guid":{"rendered":"https:\/\/etrai.com\/bo\/?post_type=product&#038;p=1237"},"modified":"2025-10-29T10:09:44","modified_gmt":"2025-10-29T15:09:44","slug":"nomba-injecta-at-mt4-30-110-lph","status":"publish","type":"product","link":"https:\/\/etrai.com\/bo\/producto\/nomba-injecta-at-mt4-30-110-lph\/","title":{"rendered":"Nomba INJECTA \/ AT &#8211; MT4 \/ 30 &#8211; 110 LPH"},"content":{"rendered":"","protected":false},"excerpt":{"rendered":"<ul>\n<li>Bomba tipo: Dosificadora electromagn\u00e9tica<\/li>\n<li>Marca: INJECTA<\/li>\n<li>Modelo: AT &#8211; MT4<\/li>\n<li>Presi\u00f3n: 5 &#8211; 0,1 Bar<\/li>\n<li>Caudal: 30 &#8211; 110\u00a0 LPH<\/li>\n<li>Procedencia: Italiana<\/li>\n<\/ul>\n<p>La bomba dosificadora electromagn\u00e9tica Injecta \u00a0es un equipo de alta precisi\u00f3n y confiabilidad, dise\u00f1ado para la dosificaci\u00f3n de productos qu\u00edmicos en diversas aplicaciones industriales y de tratamiento de agua. Su construcci\u00f3n robusta y sus caracter\u00edsticas avanzadas garantizan un rendimiento \u00f3ptimo y una larga vida \u00fatil.<\/p>\n","protected":false},"featured_media":1236,"template":"","meta":{"_acf_changed":false,"_joinchat":[]},"product_brand":[112],"product_cat":[81,82],"product_tag":[],"class_list":{"0":"post-1237","1":"product","2":"type-product","3":"status-publish","4":"has-post-thumbnail","6":"product_brand-injecta","7":"product_cat-bombas","8":"product_cat-bombas-dosificadoras","10":"first","11":"instock","12":"shipping-taxable","13":"product-type-simple"},"acf":[],"_links":{"self":[{"href":"https:\/\/etrai.com\/bo\/wp-json\/wp\/v2\/product\/1237","targetHints":{"allow":["GET"]}}],"collection":[{"href":"https:\/\/etrai.com\/bo\/wp-json\/wp\/v2\/product"}],"about":[{"href":"https:\/\/etrai.com\/bo\/wp-json\/wp\/v2\/types\/product"}],"wp:featuredmedia":[{"embeddable":true,"href":"https:\/\/etrai.com\/bo\/wp-json\/wp\/v2\/media\/1236"}],"wp:attachment":[{"href":"https:\/\/etrai.com\/bo\/wp-json\/wp\/v2\/media?parent=1237"}],"wp:term":[{"taxonomy":"product_brand","embeddable":true,"href":"https:\/\/etrai.com\/bo\/wp-json\/wp\/v2\/product_brand?post=1237"},{"taxonomy":"product_cat","embeddable":true,"href":"https:\/\/etrai.com\/bo\/wp-json\/wp\/v2\/product_cat?post=1237"},{"taxonomy":"product_tag","embeddable":true,"href":"https:\/\/etrai.com\/bo\/wp-json\/wp\/v2\/product_tag?post=1237"}],"curies":[{"name":"wp","href":"https:\/\/api.w.org\/{rel}","templated":true}]}}