{"id":1243,"date":"2025-08-20T14:13:50","date_gmt":"2025-08-20T19:13:50","guid":{"rendered":"https:\/\/etrai.com\/bo\/?post_type=product&#038;p=1243"},"modified":"2025-10-29T10:09:35","modified_gmt":"2025-10-29T15:09:35","slug":"comba-centrifuga-yuy-l-304-4-m3hr-11-kw","status":"publish","type":"product","link":"https:\/\/etrai.com\/bo\/producto\/comba-centrifuga-yuy-l-304-4-m3hr-11-kw\/","title":{"rendered":"Comba CENTRIFUGA \/ YUY &#8211; L &#8211; 304 \/ 4 m3hr \/ 1,1 Kw"},"content":{"rendered":"","protected":false},"excerpt":{"rendered":"<ul>\n<li>Bomba: tipo centrifuga sanitaria<\/li>\n<li>Marca: YUY<\/li>\n<li>Modelo: YUY &#8211; L &#8211; 304<\/li>\n<li>Potencia: 1,1 Kw<\/li>\n<li>Conexi\u00f3n: 380 VAC<\/li>\n<li>Caudal: 4 m3\/hr a 1,4 Bar<\/li>\n<li>Material: SS 304 L<\/li>\n<\/ul>\n<p data-start=\"222\" data-end=\"565\">La bomba centr\u00edfuga sanitaria <strong data-start=\"252\" data-end=\"259\">YUY<\/strong> es una soluci\u00f3n confiable y eficiente. Dise\u00f1ada para aplicaciones en industrias como la alimentaria, farmac\u00e9utica, cosm\u00e9tica y de bebidas, esta bomba garantiza un manejo seguro de l\u00edquidos. Fabricada en acero inoxidable de alta calidad (SS 304), ofrece una excelente resistencia a la corrosi\u00f3n y facilita la limpieza y mantenimiento, asegurando una larga vida \u00fatil incluso en condiciones exigente.<\/p>\n","protected":false},"featured_media":1241,"template":"","meta":{"_acf_changed":false,"_joinchat":[]},"product_brand":[113],"product_cat":[81,84],"product_tag":[],"class_list":{"0":"post-1243","1":"product","2":"type-product","3":"status-publish","4":"has-post-thumbnail","6":"product_brand-yuy","7":"product_cat-bombas","8":"product_cat-bombas-sanitarias","10":"first","11":"instock","12":"shipping-taxable","13":"product-type-simple"},"acf":[],"_links":{"self":[{"href":"https:\/\/etrai.com\/bo\/wp-json\/wp\/v2\/product\/1243","targetHints":{"allow":["GET"]}}],"collection":[{"href":"https:\/\/etrai.com\/bo\/wp-json\/wp\/v2\/product"}],"about":[{"href":"https:\/\/etrai.com\/bo\/wp-json\/wp\/v2\/types\/product"}],"wp:featuredmedia":[{"embeddable":true,"href":"https:\/\/etrai.com\/bo\/wp-json\/wp\/v2\/media\/1241"}],"wp:attachment":[{"href":"https:\/\/etrai.com\/bo\/wp-json\/wp\/v2\/media?parent=1243"}],"wp:term":[{"taxonomy":"product_brand","embeddable":true,"href":"https:\/\/etrai.com\/bo\/wp-json\/wp\/v2\/product_brand?post=1243"},{"taxonomy":"product_cat","embeddable":true,"href":"https:\/\/etrai.com\/bo\/wp-json\/wp\/v2\/product_cat?post=1243"},{"taxonomy":"product_tag","embeddable":true,"href":"https:\/\/etrai.com\/bo\/wp-json\/wp\/v2\/product_tag?post=1243"}],"curies":[{"name":"wp","href":"https:\/\/api.w.org\/{rel}","templated":true}]}}