{"id":1375,"date":"2025-10-20T12:27:18","date_gmt":"2025-10-20T17:27:18","guid":{"rendered":"https:\/\/etrai.com\/bo\/?post_type=product&#038;p=1375"},"modified":"2025-11-17T14:47:14","modified_gmt":"2025-11-17T19:47:14","slug":"membrana-de-osmosis-inversa-lp21-4040-4x40-pulgadas","status":"publish","type":"product","link":"https:\/\/etrai.com\/bo\/producto\/membrana-de-osmosis-inversa-lp21-4040-4x40-pulgadas\/","title":{"rendered":"Membrana de \u00f3smosis inversa\/VONTRON\/ LP21 4040\/ 4&#8243;\u00d740&#8243;"},"content":{"rendered":"","protected":false},"excerpt":{"rendered":"<ul>\n<li>Membrana de \u00f3smosis inversa<\/li>\n<li>Marca: VONTROM<\/li>\n<li>Modelo: LP21 4040<\/li>\n<li>Tama\u00f1o_ 4\u00d740 Pulgadas<\/li>\n<\/ul>\n<p>La membrana de \u00f3smosis inversa\u00a0LP21 4040 est\u00e1 dise\u00f1ada para aplicaciones de purificaci\u00f3n de agua en sistemas comerciales e industriales. Gracias a su tama\u00f1o de 4\u00d740 pulgadas, permite altos caudales de producci\u00f3n con excelente eficiencia en la remoci\u00f3n de contaminantes. Ofrece un rendimiento confiable con una elevada tasa de rechazo de sales, removiendo part\u00edculas disueltas, sedimentos, metales pesados y microorganismos, produciendo agua de alta pureza para procesos, consumo o aplicaciones espec\u00edficas que requieran calidad.<\/p>\n","protected":false},"featured_media":1385,"template":"","meta":{"_acf_changed":false,"_joinchat":[]},"product_brand":[],"product_cat":[52],"product_tag":[],"class_list":{"0":"post-1375","1":"product","2":"type-product","3":"status-publish","4":"has-post-thumbnail","6":"product_cat-membrana-para-osmosis-inversa","8":"first","9":"instock","10":"shipping-taxable","11":"product-type-simple"},"acf":[],"_links":{"self":[{"href":"https:\/\/etrai.com\/bo\/wp-json\/wp\/v2\/product\/1375","targetHints":{"allow":["GET"]}}],"collection":[{"href":"https:\/\/etrai.com\/bo\/wp-json\/wp\/v2\/product"}],"about":[{"href":"https:\/\/etrai.com\/bo\/wp-json\/wp\/v2\/types\/product"}],"wp:featuredmedia":[{"embeddable":true,"href":"https:\/\/etrai.com\/bo\/wp-json\/wp\/v2\/media\/1385"}],"wp:attachment":[{"href":"https:\/\/etrai.com\/bo\/wp-json\/wp\/v2\/media?parent=1375"}],"wp:term":[{"taxonomy":"product_brand","embeddable":true,"href":"https:\/\/etrai.com\/bo\/wp-json\/wp\/v2\/product_brand?post=1375"},{"taxonomy":"product_cat","embeddable":true,"href":"https:\/\/etrai.com\/bo\/wp-json\/wp\/v2\/product_cat?post=1375"},{"taxonomy":"product_tag","embeddable":true,"href":"https:\/\/etrai.com\/bo\/wp-json\/wp\/v2\/product_tag?post=1375"}],"curies":[{"name":"wp","href":"https:\/\/api.w.org\/{rel}","templated":true}]}}