{"id":1377,"date":"2025-10-20T12:37:04","date_gmt":"2025-10-20T17:37:04","guid":{"rendered":"https:\/\/etrai.com\/bo\/?post_type=product&#038;p=1377"},"modified":"2025-11-17T14:48:51","modified_gmt":"2025-11-17T19:48:51","slug":"membrana-de-osmosis-inversa-lp22-8040-8x40-pulgadas","status":"publish","type":"product","link":"https:\/\/etrai.com\/bo\/producto\/membrana-de-osmosis-inversa-lp22-8040-8x40-pulgadas\/","title":{"rendered":"Membrana de \u00f3smosis inversa\/VONTRON\/ LP22 8040 \/ 8&#8243;\u00d740&#8243;"},"content":{"rendered":"","protected":false},"excerpt":{"rendered":"<ul>\n<li>Membrana de \u00f3smosis inversa<\/li>\n<li>Marca: VONTROM<\/li>\n<li>Modelo: LP22 8040<\/li>\n<li>Tama\u00f1o_ 8\u00d740 Pulgadas<\/li>\n<\/ul>\n<p data-start=\"158\" data-end=\"566\">La membrana de \u00f3smosis inversa LP22 8040 est\u00e1 dise\u00f1ada para aplicaciones de purificaci\u00f3n de agua en sistemas comerciales e industriales de alta demanda. Gracias a su tama\u00f1o de 8\u00d740 pulgadas, ofrece cuatro veces m\u00e1s \u00e1rea de filtraci\u00f3n que una membrana de 4\u00d740\u201d, lo que permite producir un volumen significativamente mayor de agua tratada en menor tiempo, optimizando la eficiencia de los procesos. Esta membrana proporciona un rendimiento confiable, con una elevada tasa de rechazo de sales y contaminantes. Es capaz de remover eficazmente part\u00edculas disueltas, sedimentos, metales pesados y microorganismos, generando agua de alta pureza y calidad, ideal para procesos industriales, consumo humano o aplicaciones que requieran est\u00e1ndares estrictos de tratamiento.<\/p>\n","protected":false},"featured_media":1386,"template":"","meta":{"_acf_changed":false,"_joinchat":[]},"product_brand":[],"product_cat":[52],"product_tag":[],"class_list":{"0":"post-1377","1":"product","2":"type-product","3":"status-publish","4":"has-post-thumbnail","6":"product_cat-membrana-para-osmosis-inversa","8":"first","9":"instock","10":"shipping-taxable","11":"product-type-simple"},"acf":[],"_links":{"self":[{"href":"https:\/\/etrai.com\/bo\/wp-json\/wp\/v2\/product\/1377","targetHints":{"allow":["GET"]}}],"collection":[{"href":"https:\/\/etrai.com\/bo\/wp-json\/wp\/v2\/product"}],"about":[{"href":"https:\/\/etrai.com\/bo\/wp-json\/wp\/v2\/types\/product"}],"wp:featuredmedia":[{"embeddable":true,"href":"https:\/\/etrai.com\/bo\/wp-json\/wp\/v2\/media\/1386"}],"wp:attachment":[{"href":"https:\/\/etrai.com\/bo\/wp-json\/wp\/v2\/media?parent=1377"}],"wp:term":[{"taxonomy":"product_brand","embeddable":true,"href":"https:\/\/etrai.com\/bo\/wp-json\/wp\/v2\/product_brand?post=1377"},{"taxonomy":"product_cat","embeddable":true,"href":"https:\/\/etrai.com\/bo\/wp-json\/wp\/v2\/product_cat?post=1377"},{"taxonomy":"product_tag","embeddable":true,"href":"https:\/\/etrai.com\/bo\/wp-json\/wp\/v2\/product_tag?post=1377"}],"curies":[{"name":"wp","href":"https:\/\/api.w.org\/{rel}","templated":true}]}}