{"id":1387,"date":"2025-10-20T13:22:35","date_gmt":"2025-10-20T18:22:35","guid":{"rendered":"https:\/\/etrai.com\/bo\/?post_type=product&#038;p=1387"},"modified":"2025-10-20T15:15:52","modified_gmt":"2025-10-20T20:15:52","slug":"membrana-de-osmosis-inversa-toray-tm820v-400-8-x-40","status":"publish","type":"product","link":"https:\/\/etrai.com\/bo\/producto\/membrana-de-osmosis-inversa-toray-tm820v-400-8-x-40\/","title":{"rendered":"Membrana de \u00f3smosis inversa\/ TORAY\/ TM820V-400\/ 8&#8243;x40&#8243;"},"content":{"rendered":"","protected":false},"excerpt":{"rendered":"<ul>\n<li><span style=\"color: #000000;\">Membrana de \u00f3smosis inversa<\/span><\/li>\n<li><span style=\"color: #000000;\">Tipo: SWRO<\/span><\/li>\n<li><span style=\"color: #000000;\">Marca: TORAY<\/span><\/li>\n<li><span style=\"color: #000000;\">Modelo: TM820V-400<\/span><\/li>\n<li><span style=\"color: #000000;\">Capacidad: 9000 GPD<\/span><\/li>\n<\/ul>\n<p id=\"tw-target-text\" class=\"tw-data-text tw-text-large tw-ta\" dir=\"ltr\" tabindex=\"-1\" role=\"text\" data-placeholder=\"Traducci\u00f3n\" data-ved=\"2ahUKEwjQk8WasbOQAxVRJ7kGHQGFEq4Q3ewLegQIDBAV\" aria-label=\"Texto traducido: La tecnolog\u00eda de membranas de \u00f3smosis inversa de Toray se basa en d\u00e9cadas de I+D y fabricaci\u00f3n automatizada de precisi\u00f3n bajo la norma ISO 9001 para garantizar la consistencia en la calidad del producto. Las membranas compuestas de poliamida totalmente arom\u00e1tica reticulada de \u00faltima generaci\u00f3n producen un permeado de alta calidad y una qu\u00edmica de membrana robusta para un mejor rendimiento y una mayor vida \u00fatil de la membrana.\"><span class=\"Y2IQFc\" lang=\"es\" style=\"color: #000000;\">La tecnolog\u00eda de membranas de \u00f3smosis inversa de Toray se basa en d\u00e9cadas de I+D y fabricaci\u00f3n automatizada de precisi\u00f3n bajo la norma ISO 9001 para garantizar la consistencia en la calidad del producto. Las membranas compuestas de poliamida totalmente arom\u00e1tica reticulada de \u00faltima generaci\u00f3n producen un permeado de alta calidad y una qu\u00edmica de membrana robusta para un mejor rendimiento y una mayor vida \u00fatil de la membrana.<\/span><\/p>\n","protected":false},"featured_media":1391,"template":"","meta":{"_acf_changed":false,"_joinchat":[]},"product_brand":[],"product_cat":[52],"product_tag":[],"class_list":{"0":"post-1387","1":"product","2":"type-product","3":"status-publish","4":"has-post-thumbnail","6":"product_cat-membrana-para-osmosis-inversa","8":"first","9":"instock","10":"shipping-taxable","11":"product-type-simple"},"acf":[],"_links":{"self":[{"href":"https:\/\/etrai.com\/bo\/wp-json\/wp\/v2\/product\/1387","targetHints":{"allow":["GET"]}}],"collection":[{"href":"https:\/\/etrai.com\/bo\/wp-json\/wp\/v2\/product"}],"about":[{"href":"https:\/\/etrai.com\/bo\/wp-json\/wp\/v2\/types\/product"}],"wp:featuredmedia":[{"embeddable":true,"href":"https:\/\/etrai.com\/bo\/wp-json\/wp\/v2\/media\/1391"}],"wp:attachment":[{"href":"https:\/\/etrai.com\/bo\/wp-json\/wp\/v2\/media?parent=1387"}],"wp:term":[{"taxonomy":"product_brand","embeddable":true,"href":"https:\/\/etrai.com\/bo\/wp-json\/wp\/v2\/product_brand?post=1387"},{"taxonomy":"product_cat","embeddable":true,"href":"https:\/\/etrai.com\/bo\/wp-json\/wp\/v2\/product_cat?post=1387"},{"taxonomy":"product_tag","embeddable":true,"href":"https:\/\/etrai.com\/bo\/wp-json\/wp\/v2\/product_tag?post=1387"}],"curies":[{"name":"wp","href":"https:\/\/api.w.org\/{rel}","templated":true}]}}