{"id":1394,"date":"2025-10-20T13:48:33","date_gmt":"2025-10-20T18:48:33","guid":{"rendered":"https:\/\/etrai.com\/bo\/?post_type=product&#038;p=1394"},"modified":"2025-10-29T13:21:16","modified_gmt":"2025-10-29T18:21:16","slug":"membrana-de-osmosis-inversa-toray-tmg-10d-4-x-40%e2%80%b3","status":"publish","type":"product","link":"https:\/\/etrai.com\/bo\/producto\/membrana-de-osmosis-inversa-toray-tmg-10d-4-x-40%e2%80%b3\/","title":{"rendered":"Membrana de \u00f3smosis inversa\/ TORAY\/ TMG-10D\/ 4&#8243;x40\u2033"},"content":{"rendered":"","protected":false},"excerpt":{"rendered":"<ul>\n<li><span style=\"color: #000000;\">Membrana de \u00f3smosis inversa<\/span><\/li>\n<li><span style=\"color: #000000;\">Tipo: BWRO<\/span><\/li>\n<li><span style=\"color: #000000;\">Marca: TORAY<\/span><\/li>\n<li><span style=\"color: #000000;\">Modelo: TMG-10D<\/span><\/li>\n<li><span style=\"color: #000000;\">Capacidad: 2400 GPD<\/span><\/li>\n<\/ul>\n<p><span style=\"color: #000000;\">Membranas de \u00f3smosis inversa Toray, fabricadas bajo ISO 9001, con tecnolog\u00eda de poliamida arom\u00e1tica entrecruzada, que garantizan agua de alta pureza, excelente desempe\u00f1o y larga vida \u00fatil, ideales para agua potable municipal, procesos industriales y reutilizaci\u00f3n de agua.<\/span><\/p>\n","protected":false},"featured_media":1398,"template":"","meta":{"_acf_changed":false,"_joinchat":[]},"product_brand":[],"product_cat":[52],"product_tag":[],"class_list":{"0":"post-1394","1":"product","2":"type-product","3":"status-publish","4":"has-post-thumbnail","6":"product_cat-membrana-para-osmosis-inversa","8":"first","9":"instock","10":"shipping-taxable","11":"product-type-simple"},"acf":[],"_links":{"self":[{"href":"https:\/\/etrai.com\/bo\/wp-json\/wp\/v2\/product\/1394","targetHints":{"allow":["GET"]}}],"collection":[{"href":"https:\/\/etrai.com\/bo\/wp-json\/wp\/v2\/product"}],"about":[{"href":"https:\/\/etrai.com\/bo\/wp-json\/wp\/v2\/types\/product"}],"wp:featuredmedia":[{"embeddable":true,"href":"https:\/\/etrai.com\/bo\/wp-json\/wp\/v2\/media\/1398"}],"wp:attachment":[{"href":"https:\/\/etrai.com\/bo\/wp-json\/wp\/v2\/media?parent=1394"}],"wp:term":[{"taxonomy":"product_brand","embeddable":true,"href":"https:\/\/etrai.com\/bo\/wp-json\/wp\/v2\/product_brand?post=1394"},{"taxonomy":"product_cat","embeddable":true,"href":"https:\/\/etrai.com\/bo\/wp-json\/wp\/v2\/product_cat?post=1394"},{"taxonomy":"product_tag","embeddable":true,"href":"https:\/\/etrai.com\/bo\/wp-json\/wp\/v2\/product_tag?post=1394"}],"curies":[{"name":"wp","href":"https:\/\/api.w.org\/{rel}","templated":true}]}}