{"id":1396,"date":"2025-10-20T15:12:49","date_gmt":"2025-10-20T20:12:49","guid":{"rendered":"https:\/\/etrai.com\/bo\/?post_type=product&#038;p=1396"},"modified":"2025-10-29T13:24:47","modified_gmt":"2025-10-29T18:24:47","slug":"membrana-de-osmosis-inversa-toray-tmg-20d-400-8x40","status":"publish","type":"product","link":"https:\/\/etrai.com\/bo\/producto\/membrana-de-osmosis-inversa-toray-tmg-20d-400-8x40\/","title":{"rendered":"Membrana de \u00f3smosis inversa\/ TORAY\/ TMG-20D-400\/ 8&#8243;x40&#8243;"},"content":{"rendered":"","protected":false},"excerpt":{"rendered":"<ul>\n<li>Membrana de \u00f3smosis inversa<\/li>\n<li>Tipo: BWRO<\/li>\n<li>Marca: TORAY<\/li>\n<li>Modelo: TMG-20D-400<\/li>\n<li>Capacidad: 12100 GPD<\/li>\n<\/ul>\n<p id=\"tw-target-text\" class=\"tw-data-text tw-text-large tw-ta\" dir=\"ltr\" tabindex=\"-1\" role=\"text\" data-placeholder=\"Traducci\u00f3n\" data-ved=\"2ahUKEwjQk8WasbOQAxVRJ7kGHQGFEq4Q3ewLegQIDBAV\" aria-label=\"Texto traducido: La tecnolog\u00eda de membranas de \u00f3smosis inversa de Toray se basa en d\u00e9cadas de I+D y fabricaci\u00f3n automatizada de precisi\u00f3n bajo la norma ISO 9001 para garantizar la consistencia en la calidad del producto. Las membranas compuestas de poliamida totalmente arom\u00e1tica reticulada de \u00faltima generaci\u00f3n producen un permeado de alta calidad y una qu\u00edmica de membrana robusta para un mejor rendimiento y una mayor vida \u00fatil de la membrana.\">Membranas de \u00f3smosis inversa Toray, fabricadas bajo ISO 9001, con tecnolog\u00eda de poliamida arom\u00e1tica entrecruzada, que garantizan agua de alta pureza, excelente desempe\u00f1o y larga vida \u00fatil, ideales para agua potable municipal, procesos industriales y reutilizaci\u00f3n de agua.<\/p>\n","protected":false},"featured_media":1391,"template":"","meta":{"_acf_changed":false,"_joinchat":[]},"product_brand":[],"product_cat":[52],"product_tag":[],"class_list":{"0":"post-1396","1":"product","2":"type-product","3":"status-publish","4":"has-post-thumbnail","6":"product_cat-membrana-para-osmosis-inversa","8":"first","9":"instock","10":"shipping-taxable","11":"product-type-simple"},"acf":[],"_links":{"self":[{"href":"https:\/\/etrai.com\/bo\/wp-json\/wp\/v2\/product\/1396","targetHints":{"allow":["GET"]}}],"collection":[{"href":"https:\/\/etrai.com\/bo\/wp-json\/wp\/v2\/product"}],"about":[{"href":"https:\/\/etrai.com\/bo\/wp-json\/wp\/v2\/types\/product"}],"wp:featuredmedia":[{"embeddable":true,"href":"https:\/\/etrai.com\/bo\/wp-json\/wp\/v2\/media\/1391"}],"wp:attachment":[{"href":"https:\/\/etrai.com\/bo\/wp-json\/wp\/v2\/media?parent=1396"}],"wp:term":[{"taxonomy":"product_brand","embeddable":true,"href":"https:\/\/etrai.com\/bo\/wp-json\/wp\/v2\/product_brand?post=1396"},{"taxonomy":"product_cat","embeddable":true,"href":"https:\/\/etrai.com\/bo\/wp-json\/wp\/v2\/product_cat?post=1396"},{"taxonomy":"product_tag","embeddable":true,"href":"https:\/\/etrai.com\/bo\/wp-json\/wp\/v2\/product_tag?post=1396"}],"curies":[{"name":"wp","href":"https:\/\/api.w.org\/{rel}","templated":true}]}}