{"id":1451,"date":"2026-01-15T08:45:38","date_gmt":"2026-01-15T13:45:38","guid":{"rendered":"https:\/\/etrai.com\/bo\/?post_type=product&#038;p=1451"},"modified":"2026-04-30T12:38:41","modified_gmt":"2026-04-30T17:38:41","slug":"grava-tamano-5-mm-malla-4","status":"publish","type":"product","link":"https:\/\/etrai.com\/bo\/producto\/grava-tamano-5-mm-malla-4\/","title":{"rendered":"Grava \/ Tama\u00f1o: 5 mm \/ Malla: # 4"},"content":{"rendered":"","protected":false},"excerpt":{"rendered":"<ul>\n<li>Grava<\/li>\n<li>Tama\u00f1o de part\u00edcula: 5\u00a0 mm<\/li>\n<li>Malla: # 4<\/li>\n<li>Presentaci\u00f3n: Bolsa de 50 Kg (30 L)<\/li>\n<li>Unidad de Venta: Kg<\/li>\n<\/ul>\n<p>La grava filtrante es un medio granular utilizado como capa de soporte en sistemas de filtraci\u00f3n de agua. Permite una adecuada distribuci\u00f3n del flujo y brinda estabilidad al lecho filtrante. Protege los medios superiores durante la operaci\u00f3n y el retrolavado, contribuyendo a la eficiencia y durabilidad del sistema.<\/p>\n","protected":false},"featured_media":1452,"template":"","meta":{"_acf_changed":false,"_joinchat":[]},"product_brand":[],"product_cat":[16],"product_tag":[],"class_list":{"0":"post-1451","1":"product","2":"type-product","3":"status-publish","4":"has-post-thumbnail","6":"product_cat-medios-filtrantes-y-resinas","8":"first","9":"instock","10":"shipping-taxable","11":"product-type-simple"},"acf":[],"_links":{"self":[{"href":"https:\/\/etrai.com\/bo\/wp-json\/wp\/v2\/product\/1451","targetHints":{"allow":["GET"]}}],"collection":[{"href":"https:\/\/etrai.com\/bo\/wp-json\/wp\/v2\/product"}],"about":[{"href":"https:\/\/etrai.com\/bo\/wp-json\/wp\/v2\/types\/product"}],"wp:featuredmedia":[{"embeddable":true,"href":"https:\/\/etrai.com\/bo\/wp-json\/wp\/v2\/media\/1452"}],"wp:attachment":[{"href":"https:\/\/etrai.com\/bo\/wp-json\/wp\/v2\/media?parent=1451"}],"wp:term":[{"taxonomy":"product_brand","embeddable":true,"href":"https:\/\/etrai.com\/bo\/wp-json\/wp\/v2\/product_brand?post=1451"},{"taxonomy":"product_cat","embeddable":true,"href":"https:\/\/etrai.com\/bo\/wp-json\/wp\/v2\/product_cat?post=1451"},{"taxonomy":"product_tag","embeddable":true,"href":"https:\/\/etrai.com\/bo\/wp-json\/wp\/v2\/product_tag?post=1451"}],"curies":[{"name":"wp","href":"https:\/\/api.w.org\/{rel}","templated":true}]}}