{"id":1453,"date":"2026-01-15T09:10:22","date_gmt":"2026-01-15T14:10:22","guid":{"rendered":"https:\/\/etrai.com\/bo\/?post_type=product&#038;p=1453"},"modified":"2026-04-30T12:37:47","modified_gmt":"2026-04-30T17:37:47","slug":"carbon-activado-granulado-marca-kelin-malla-12x40","status":"publish","type":"product","link":"https:\/\/etrai.com\/bo\/producto\/carbon-activado-granulado-marca-kelin-malla-12x40\/","title":{"rendered":"Carb\u00f3n Activado Granular \/ Marca: KELIN \/ Malla: # 12&#215;40"},"content":{"rendered":"","protected":false},"excerpt":{"rendered":"<ul>\n<li>Carb\u00f3n Activado Granular<\/li>\n<li>Marca: KELIN<\/li>\n<li>Malla: # 12&#215;40<\/li>\n<li>Tipo: Cascara de Coco<\/li>\n<li>IY : 900 (mg\/g)<\/li>\n<li>Presentaci\u00f3n: Bolsa de 25 Kg (45 L)<\/li>\n<li>Unidad de Venta: Kg<\/li>\n<\/ul>\n<p>El carb\u00f3n activado granular KELIN CSAC 12\u00d740 es producido a partir de c\u00e1scara de coco cuidadosamente seleccionada, lo que le confiere una alta capacidad de adsorci\u00f3n y una estructura porosa eficiente. Est\u00e1 dise\u00f1ado para la purificaci\u00f3n de agua potable y l\u00edquidos de procesos industriales, permitiendo la remoci\u00f3n de compuestos org\u00e1nicos naturales, pesticidas, detergentes, solventes clorados y sustancias responsables de sabores y olores indeseables, mejorando significativamente la calidad del agua tratada.<\/p>\n","protected":false},"featured_media":1454,"template":"","meta":{"_acf_changed":false,"_joinchat":[]},"product_brand":[],"product_cat":[16],"product_tag":[],"class_list":{"0":"post-1453","1":"product","2":"type-product","3":"status-publish","4":"has-post-thumbnail","6":"product_cat-medios-filtrantes-y-resinas","8":"first","9":"instock","10":"shipping-taxable","11":"product-type-simple"},"acf":[],"_links":{"self":[{"href":"https:\/\/etrai.com\/bo\/wp-json\/wp\/v2\/product\/1453","targetHints":{"allow":["GET"]}}],"collection":[{"href":"https:\/\/etrai.com\/bo\/wp-json\/wp\/v2\/product"}],"about":[{"href":"https:\/\/etrai.com\/bo\/wp-json\/wp\/v2\/types\/product"}],"wp:featuredmedia":[{"embeddable":true,"href":"https:\/\/etrai.com\/bo\/wp-json\/wp\/v2\/media\/1454"}],"wp:attachment":[{"href":"https:\/\/etrai.com\/bo\/wp-json\/wp\/v2\/media?parent=1453"}],"wp:term":[{"taxonomy":"product_brand","embeddable":true,"href":"https:\/\/etrai.com\/bo\/wp-json\/wp\/v2\/product_brand?post=1453"},{"taxonomy":"product_cat","embeddable":true,"href":"https:\/\/etrai.com\/bo\/wp-json\/wp\/v2\/product_cat?post=1453"},{"taxonomy":"product_tag","embeddable":true,"href":"https:\/\/etrai.com\/bo\/wp-json\/wp\/v2\/product_tag?post=1453"}],"curies":[{"name":"wp","href":"https:\/\/api.w.org\/{rel}","templated":true}]}}