{"id":1455,"date":"2026-01-15T09:10:57","date_gmt":"2026-01-15T14:10:57","guid":{"rendered":"https:\/\/etrai.com\/bo\/?post_type=product&#038;p=1455"},"modified":"2026-04-30T12:37:37","modified_gmt":"2026-04-30T17:37:37","slug":"carbon-activado-mineral-marca-jacobi-malla-12x40","status":"publish","type":"product","link":"https:\/\/etrai.com\/bo\/producto\/carbon-activado-mineral-marca-jacobi-malla-12x40\/","title":{"rendered":"Carb\u00f3n Activado Granular \/ Marca: JACOBI \/ Malla: # 12&#215;40"},"content":{"rendered":"","protected":false},"excerpt":{"rendered":"<ul>\n<li>Carb\u00f3n Activado Granular<\/li>\n<li>Marca: JACOBI<\/li>\n<li>Modelo: AquaSorb\u2122 2000<\/li>\n<li>Malla: # 12&#215;40<\/li>\n<li>Tipo: Cascara de Coco<\/li>\n<li>IY : 950 (mg\/g)<\/li>\n<li>Presentaci\u00f3n: Bolsa de 25 Kg (45 L)<\/li>\n<li>Unidad de Venta: Kg<\/li>\n<\/ul>\n<p>El carb\u00f3n activado granular AquaSorb\u2122 2000 de JACOBI es un medio de alta actividad, desarrollado espec\u00edficamente para el tratamiento de agua para consumo humano en aplicaciones municipales e industriales. Su estructura altamente porosa permite la remoci\u00f3n eficaz de materia org\u00e1nica disuelta, pesticidas y diversos compuestos qu\u00edmicos presentes en fuentes de agua cruda. Es apto para el tratamiento de aguas subterr\u00e1neas, superficiales y de red, cumpliendo con est\u00e1ndares internacionales para medios filtrantes utilizados en agua potable.<\/p>\n","protected":false},"featured_media":1456,"template":"","meta":{"_acf_changed":false,"_joinchat":[]},"product_brand":[],"product_cat":[16],"product_tag":[],"class_list":{"0":"post-1455","1":"product","2":"type-product","3":"status-publish","4":"has-post-thumbnail","6":"product_cat-medios-filtrantes-y-resinas","8":"first","9":"instock","10":"shipping-taxable","11":"product-type-simple"},"acf":[],"_links":{"self":[{"href":"https:\/\/etrai.com\/bo\/wp-json\/wp\/v2\/product\/1455","targetHints":{"allow":["GET"]}}],"collection":[{"href":"https:\/\/etrai.com\/bo\/wp-json\/wp\/v2\/product"}],"about":[{"href":"https:\/\/etrai.com\/bo\/wp-json\/wp\/v2\/types\/product"}],"wp:featuredmedia":[{"embeddable":true,"href":"https:\/\/etrai.com\/bo\/wp-json\/wp\/v2\/media\/1456"}],"wp:attachment":[{"href":"https:\/\/etrai.com\/bo\/wp-json\/wp\/v2\/media?parent=1455"}],"wp:term":[{"taxonomy":"product_brand","embeddable":true,"href":"https:\/\/etrai.com\/bo\/wp-json\/wp\/v2\/product_brand?post=1455"},{"taxonomy":"product_cat","embeddable":true,"href":"https:\/\/etrai.com\/bo\/wp-json\/wp\/v2\/product_cat?post=1455"},{"taxonomy":"product_tag","embeddable":true,"href":"https:\/\/etrai.com\/bo\/wp-json\/wp\/v2\/product_tag?post=1455"}],"curies":[{"name":"wp","href":"https:\/\/api.w.org\/{rel}","templated":true}]}}