{"id":1462,"date":"2026-01-15T10:06:39","date_gmt":"2026-01-15T15:06:39","guid":{"rendered":"https:\/\/etrai.com\/bo\/?post_type=product&#038;p=1462"},"modified":"2026-05-11T14:09:51","modified_gmt":"2026-05-11T19:09:51","slug":"resina-cationica-marca-jacobi-premium","status":"publish","type":"product","link":"https:\/\/etrai.com\/bo\/producto\/resina-cationica-marca-jacobi-premium\/","title":{"rendered":"Resina Cati\u00f3nica \/ Marca: JACOBI \/ Grado Premium"},"content":{"rendered":"","protected":false},"excerpt":{"rendered":"<ul>\n<li>Resina Cati\u00f3nica<\/li>\n<li>Marca: JACOBI<\/li>\n<li>Modelo: RESINEX K8 FG<\/li>\n<li>Capacidad de Intercambio: 2 (eq\/L)<\/li>\n<li>Presentaci\u00f3n: Bolsa de 25 L<\/li>\n<li>Unidad de Venta: Lts<\/li>\n<\/ul>\n<p id=\"tw-target-text\" class=\"tw-data-text tw-text-large tw-ta\" dir=\"ltr\" tabindex=\"-1\" role=\"text\" data-placeholder=\"Traducci\u00f3n\" data-ved=\"2ahUKEwjq3I3Q4I2SAxUTrJUCHaNQFtMQ3ewLegQIDBAX\" aria-label=\"Texto traducido: Lanlang\u00ae TC007FG es una resina de intercambio cati\u00f3nico de alta acidez, tipo gel, de grado alimenticio, fabricada con copol\u00edmeros de estireno-divinilbenceno (DVB) sulfonados con una distribuci\u00f3n de tama\u00f1o gaussiana est\u00e1ndar. TC007FG cumple con la norma 21 CFR 173.25 de la FDA de EE. UU. y cuenta con la certificaci\u00f3n NSF\/ANSI 44 y el certificado internacional NSF. Presenta una excelente estabilidad qu\u00edmica, f\u00edsica y t\u00e9rmica. Su buena cin\u00e9tica de intercambio i\u00f3nico le confiere una alta eficiencia para su uso tanto en suavizantes regenerables como en cartuchos no regenerables.\">Resinex\u2122 K-8 FG es una resina de intercambio cati\u00f3nico tipo gel, de alta pureza, grado premium, pretratada y fuertemente \u00e1cida, especialmente dise\u00f1ada para el tratamiento de agua potable residencial. El producto es ideal para una amplia variedad de aplicaciones de tratamiento de agua potable. Resinex\u2122 K-8 FG tiene un color \u00e1mbar claro y est\u00e1 especialmente pretratada para eliminar el sabor, el olor y la decoloraci\u00f3n.<\/p>\n","protected":false},"featured_media":1695,"template":"","meta":{"_acf_changed":false,"_joinchat":[]},"product_brand":[],"product_cat":[16],"product_tag":[],"class_list":{"0":"post-1462","1":"product","2":"type-product","3":"status-publish","4":"has-post-thumbnail","6":"product_cat-medios-filtrantes-y-resinas","8":"first","9":"instock","10":"shipping-taxable","11":"product-type-simple"},"acf":[],"_links":{"self":[{"href":"https:\/\/etrai.com\/bo\/wp-json\/wp\/v2\/product\/1462","targetHints":{"allow":["GET"]}}],"collection":[{"href":"https:\/\/etrai.com\/bo\/wp-json\/wp\/v2\/product"}],"about":[{"href":"https:\/\/etrai.com\/bo\/wp-json\/wp\/v2\/types\/product"}],"wp:featuredmedia":[{"embeddable":true,"href":"https:\/\/etrai.com\/bo\/wp-json\/wp\/v2\/media\/1695"}],"wp:attachment":[{"href":"https:\/\/etrai.com\/bo\/wp-json\/wp\/v2\/media?parent=1462"}],"wp:term":[{"taxonomy":"product_brand","embeddable":true,"href":"https:\/\/etrai.com\/bo\/wp-json\/wp\/v2\/product_brand?post=1462"},{"taxonomy":"product_cat","embeddable":true,"href":"https:\/\/etrai.com\/bo\/wp-json\/wp\/v2\/product_cat?post=1462"},{"taxonomy":"product_tag","embeddable":true,"href":"https:\/\/etrai.com\/bo\/wp-json\/wp\/v2\/product_tag?post=1462"}],"curies":[{"name":"wp","href":"https:\/\/api.w.org\/{rel}","templated":true}]}}