{"id":1465,"date":"2026-01-15T10:26:42","date_gmt":"2026-01-15T15:26:42","guid":{"rendered":"https:\/\/etrai.com\/bo\/?post_type=product&#038;p=1465"},"modified":"2026-04-30T12:18:51","modified_gmt":"2026-04-30T17:18:51","slug":"medio-filtrante-catalitico-marca-lanlang-para-remocion-de-fe-mn-y-h%e2%82%82s","status":"publish","type":"product","link":"https:\/\/etrai.com\/bo\/producto\/medio-filtrante-catalitico-marca-lanlang-para-remocion-de-fe-mn-y-h%e2%82%82s\/","title":{"rendered":"Medio Filtrante Catalitico \/ Marca: LANLANG \/ Para Remoci\u00f3n de Fe, Mn y H\u2082S"},"content":{"rendered":"","protected":false},"excerpt":{"rendered":"<ul>\n<li>Medio Filtrante Catalitico<\/li>\n<li>Marca: LANLANG<\/li>\n<li>Modelo: HYPERDOX<\/li>\n<li>Tama\u00f1o: 0,6-1,4 mm<\/li>\n<li>Presentaci\u00f3n: Bolsa de 50 Kg (35 L)<\/li>\n<li>Unidad de Venta: Kg<\/li>\n<\/ul>\n<p id=\"tw-target-text\" class=\"tw-data-text tw-text-large tw-ta\" dir=\"ltr\" tabindex=\"-1\" role=\"text\" data-placeholder=\"Traducci\u00f3n\" data-ved=\"2ahUKEwjq3I3Q4I2SAxUTrJUCHaNQFtMQ3ewLegQIDBAX\" aria-label=\"Texto traducido: Lanlang\u00ae TC007FG es una resina de intercambio cati\u00f3nico de alta acidez, tipo gel, de grado alimenticio, fabricada con copol\u00edmeros de estireno-divinilbenceno (DVB) sulfonados con una distribuci\u00f3n de tama\u00f1o gaussiana est\u00e1ndar. TC007FG cumple con la norma 21 CFR 173.25 de la FDA de EE. UU. y cuenta con la certificaci\u00f3n NSF\/ANSI 44 y el certificado internacional NSF. Presenta una excelente estabilidad qu\u00edmica, f\u00edsica y t\u00e9rmica. Su buena cin\u00e9tica de intercambio i\u00f3nico le confiere una alta eficiencia para su uso tanto en suavizantes regenerables como en cartuchos no regenerables.\">Lanlang\u00ae HYPERDOX es un medio filtrante de alto rendimiento dise\u00f1ado para la eliminaci\u00f3n de sulfuro de hidr\u00f3geno, hierro y manganeso. Este medio es apto para numerosos sistemas en aplicaciones residenciales, comerciales, industriales y municipales. Con un alto contenido de MnO\u2082 del 65 %, HYPERDOX ofrece una mayor vida \u00fatil y un rendimiento m\u00e1s fiable que cualquier otro medio filtrante granular existente.<\/p>\n","protected":false},"featured_media":1466,"template":"","meta":{"_acf_changed":false,"_joinchat":[]},"product_brand":[],"product_cat":[16],"product_tag":[],"class_list":{"0":"post-1465","1":"product","2":"type-product","3":"status-publish","4":"has-post-thumbnail","6":"product_cat-medios-filtrantes-y-resinas","8":"first","9":"instock","10":"shipping-taxable","11":"product-type-simple"},"acf":[],"_links":{"self":[{"href":"https:\/\/etrai.com\/bo\/wp-json\/wp\/v2\/product\/1465","targetHints":{"allow":["GET"]}}],"collection":[{"href":"https:\/\/etrai.com\/bo\/wp-json\/wp\/v2\/product"}],"about":[{"href":"https:\/\/etrai.com\/bo\/wp-json\/wp\/v2\/types\/product"}],"wp:featuredmedia":[{"embeddable":true,"href":"https:\/\/etrai.com\/bo\/wp-json\/wp\/v2\/media\/1466"}],"wp:attachment":[{"href":"https:\/\/etrai.com\/bo\/wp-json\/wp\/v2\/media?parent=1465"}],"wp:term":[{"taxonomy":"product_brand","embeddable":true,"href":"https:\/\/etrai.com\/bo\/wp-json\/wp\/v2\/product_brand?post=1465"},{"taxonomy":"product_cat","embeddable":true,"href":"https:\/\/etrai.com\/bo\/wp-json\/wp\/v2\/product_cat?post=1465"},{"taxonomy":"product_tag","embeddable":true,"href":"https:\/\/etrai.com\/bo\/wp-json\/wp\/v2\/product_tag?post=1465"}],"curies":[{"name":"wp","href":"https:\/\/api.w.org\/{rel}","templated":true}]}}