{"id":1467,"date":"2026-01-15T10:39:11","date_gmt":"2026-01-15T15:39:11","guid":{"rendered":"https:\/\/etrai.com\/bo\/?post_type=product&#038;p=1467"},"modified":"2026-04-30T12:17:45","modified_gmt":"2026-04-30T17:17:45","slug":"mineralizador-alcalinizante-marca-lanlang-modelo-minecera-alkaline-plus","status":"publish","type":"product","link":"https:\/\/etrai.com\/bo\/producto\/mineralizador-alcalinizante-marca-lanlang-modelo-minecera-alkaline-plus\/","title":{"rendered":"Mineralizador Alcalinizante \/ Marca: LANLANG \/ Modelo: Minecera Alkaline Plus"},"content":{"rendered":"","protected":false},"excerpt":{"rendered":"<ul>\n<li>Mineralizador Alcalinizante<\/li>\n<li>Marca: LANLANG<\/li>\n<li>Modelo: Minecera Alkaline Plus<\/li>\n<li>Tama\u00f1o: 2-5 mm<\/li>\n<li>Presentaci\u00f3n: Bolsa de 25 Kg<\/li>\n<li>Unidad de Venta: Kg<\/li>\n<\/ul>\n<p id=\"tw-target-text\" class=\"tw-data-text tw-text-large tw-ta\" dir=\"ltr\" tabindex=\"-1\" role=\"text\" data-placeholder=\"Traducci\u00f3n\" data-ved=\"2ahUKEwjq3I3Q4I2SAxUTrJUCHaNQFtMQ3ewLegQIDBAX\" aria-label=\"Texto traducido: Lanlang\u00ae TC007FG es una resina de intercambio cati\u00f3nico de alta acidez, tipo gel, de grado alimenticio, fabricada con copol\u00edmeros de estireno-divinilbenceno (DVB) sulfonados con una distribuci\u00f3n de tama\u00f1o gaussiana est\u00e1ndar. TC007FG cumple con la norma 21 CFR 173.25 de la FDA de EE. UU. y cuenta con la certificaci\u00f3n NSF\/ANSI 44 y el certificado internacional NSF. Presenta una excelente estabilidad qu\u00edmica, f\u00edsica y t\u00e9rmica. Su buena cin\u00e9tica de intercambio i\u00f3nico le confiere una alta eficiencia para su uso tanto en suavizantes regenerables como en cartuchos no regenerables.\">Lanlang\u00ae MineCera Alkaline PLUS est\u00e1 formulado con minerales totalmente naturales para enriquecer y revitalizar el agua de forma natural. Aumenta el pH entre 8.0 y 11.0, seg\u00fan lo requiera su sistema para obtener agua alcalina. Adem\u00e1s, libera minerales esenciales para crear agua mineral, que contiene Ca, Mg, Li, Zn, Se, Sr, H\u2082SiO\u2083 y otros minerales que contribuyen a una salud \u00f3ptima. Cuenta con\u00a0 el Certificado Internacional NSF.<\/p>\n","protected":false},"featured_media":1468,"template":"","meta":{"_acf_changed":false,"_joinchat":[]},"product_brand":[],"product_cat":[16],"product_tag":[],"class_list":{"0":"post-1467","1":"product","2":"type-product","3":"status-publish","4":"has-post-thumbnail","6":"product_cat-medios-filtrantes-y-resinas","8":"first","9":"instock","10":"shipping-taxable","11":"product-type-simple"},"acf":[],"_links":{"self":[{"href":"https:\/\/etrai.com\/bo\/wp-json\/wp\/v2\/product\/1467","targetHints":{"allow":["GET"]}}],"collection":[{"href":"https:\/\/etrai.com\/bo\/wp-json\/wp\/v2\/product"}],"about":[{"href":"https:\/\/etrai.com\/bo\/wp-json\/wp\/v2\/types\/product"}],"wp:featuredmedia":[{"embeddable":true,"href":"https:\/\/etrai.com\/bo\/wp-json\/wp\/v2\/media\/1468"}],"wp:attachment":[{"href":"https:\/\/etrai.com\/bo\/wp-json\/wp\/v2\/media?parent=1467"}],"wp:term":[{"taxonomy":"product_brand","embeddable":true,"href":"https:\/\/etrai.com\/bo\/wp-json\/wp\/v2\/product_brand?post=1467"},{"taxonomy":"product_cat","embeddable":true,"href":"https:\/\/etrai.com\/bo\/wp-json\/wp\/v2\/product_cat?post=1467"},{"taxonomy":"product_tag","embeddable":true,"href":"https:\/\/etrai.com\/bo\/wp-json\/wp\/v2\/product_tag?post=1467"}],"curies":[{"name":"wp","href":"https:\/\/api.w.org\/{rel}","templated":true}]}}