{"id":1471,"date":"2026-01-15T12:28:44","date_gmt":"2026-01-15T17:28:44","guid":{"rendered":"https:\/\/etrai.com\/bo\/?post_type=product&#038;p=1471"},"modified":"2026-01-26T08:51:55","modified_gmt":"2026-01-26T13:51:55","slug":"medio-filtrante-mixto-marca-lanlang-modelo-aquariumpal-para-acuarios","status":"publish","type":"product","link":"https:\/\/etrai.com\/bo\/producto\/medio-filtrante-mixto-marca-lanlang-modelo-aquariumpal-para-acuarios\/","title":{"rendered":"Medio Filtrante Mixto \/ Marca: LANLANG \/ Modelo: Aquariumpal \/ Para Acuarios"},"content":{"rendered":"","protected":false},"excerpt":{"rendered":"<ul>\n<li>Medio Filtrante Mixto<\/li>\n<li>Marca: LANLANG<\/li>\n<li>Modelo: Aquariumpal<\/li>\n<li>Tama\u00f1o: 0,3-1,18 mm<\/li>\n<li>Presentaci\u00f3n: Bolsa de 25 L<\/li>\n<li>Unidad de Venta: Bolsa<\/li>\n<\/ul>\n<p id=\"tw-target-text\" class=\"tw-data-text tw-text-large tw-ta\" dir=\"ltr\" tabindex=\"-1\" role=\"text\" data-placeholder=\"Traducci\u00f3n\" data-ved=\"2ahUKEwjq3I3Q4I2SAxUTrJUCHaNQFtMQ3ewLegQIDBAX\" aria-label=\"Texto traducido: Lanlang\u00ae TC007FG es una resina de intercambio cati\u00f3nico de alta acidez, tipo gel, de grado alimenticio, fabricada con copol\u00edmeros de estireno-divinilbenceno (DVB) sulfonados con una distribuci\u00f3n de tama\u00f1o gaussiana est\u00e1ndar. TC007FG cumple con la norma 21 CFR 173.25 de la FDA de EE. UU. y cuenta con la certificaci\u00f3n NSF\/ANSI 44 y el certificado internacional NSF. Presenta una excelente estabilidad qu\u00edmica, f\u00edsica y t\u00e9rmica. Su buena cin\u00e9tica de intercambio i\u00f3nico le confiere una alta eficiencia para su uso tanto en suavizantes regenerables como en cartuchos no regenerables.\">El medio de filtraci\u00f3n para acuarios Lanlang\u00ae AQUARIUMPAL soluciona los problemas del agua causados \u200b\u200bpor contaminantes que pueden debilitar el sistema inmunitario de los peces, pudiendo causarles enfermedades o incluso la muerte. Este medio elimina los residuos org\u00e1nicos nitrogenados, lo que ayuda a controlar los niveles de amon\u00edaco, nitrito y nitrato, a la vez que neutraliza eficazmente los colores y olores desagradables.<\/p>\n","protected":false},"featured_media":1677,"template":"","meta":{"_acf_changed":false,"_joinchat":[]},"product_brand":[],"product_cat":[16],"product_tag":[],"class_list":{"0":"post-1471","1":"product","2":"type-product","3":"status-publish","4":"has-post-thumbnail","6":"product_cat-medios-filtrantes-y-resinas","8":"first","9":"instock","10":"shipping-taxable","11":"product-type-simple"},"acf":[],"_links":{"self":[{"href":"https:\/\/etrai.com\/bo\/wp-json\/wp\/v2\/product\/1471","targetHints":{"allow":["GET"]}}],"collection":[{"href":"https:\/\/etrai.com\/bo\/wp-json\/wp\/v2\/product"}],"about":[{"href":"https:\/\/etrai.com\/bo\/wp-json\/wp\/v2\/types\/product"}],"wp:featuredmedia":[{"embeddable":true,"href":"https:\/\/etrai.com\/bo\/wp-json\/wp\/v2\/media\/1677"}],"wp:attachment":[{"href":"https:\/\/etrai.com\/bo\/wp-json\/wp\/v2\/media?parent=1471"}],"wp:term":[{"taxonomy":"product_brand","embeddable":true,"href":"https:\/\/etrai.com\/bo\/wp-json\/wp\/v2\/product_brand?post=1471"},{"taxonomy":"product_cat","embeddable":true,"href":"https:\/\/etrai.com\/bo\/wp-json\/wp\/v2\/product_cat?post=1471"},{"taxonomy":"product_tag","embeddable":true,"href":"https:\/\/etrai.com\/bo\/wp-json\/wp\/v2\/product_tag?post=1471"}],"curies":[{"name":"wp","href":"https:\/\/api.w.org\/{rel}","templated":true}]}}