{"id":1473,"date":"2026-01-15T12:36:55","date_gmt":"2026-01-15T17:36:55","guid":{"rendered":"https:\/\/etrai.com\/bo\/?post_type=product&#038;p=1473"},"modified":"2026-01-15T12:49:52","modified_gmt":"2026-01-15T17:49:52","slug":"bola-de-polifosfato-marca-lanlang-modelo-gl-tb01","status":"publish","type":"product","link":"https:\/\/etrai.com\/bo\/producto\/bola-de-polifosfato-marca-lanlang-modelo-gl-tb01\/","title":{"rendered":"Bola de Polifosfato \/ Marca: LANLANG \/ Modelo: GL-TB01"},"content":{"rendered":"","protected":false},"excerpt":{"rendered":"<ul>\n<li>Bola de Polifosfato<\/li>\n<li>Marca: LANLANG<\/li>\n<li>Modelo: GL-TB01<\/li>\n<li>Presentaci\u00f3n: Caja de 20 Kg &#8211; Fraccionable<\/li>\n<li>Unidad de Venta: Kg<\/li>\n<\/ul>\n<p><span class=\"a_GcMg font-feature-liga-off font-feature-clig-off font-feature-calt-off text-decoration-none text-strikethrough-none\">Medio antiincrustante y anticorrosivo marca Lanlang utilizado en sistemas industriales y de agua potable. Ayuda a prevenir la formaci\u00f3n de incrustaciones calc\u00e1reas y la corrosi\u00f3n en tuber\u00edas y equipos. Fabricado con material de grado alimenticio, de disoluci\u00f3n lenta y controlada. Ideal para prolongar la vida \u00fatil de sistemas de filtraci\u00f3n y conducci\u00f3n de agua.<\/span><\/p>\n","protected":false},"featured_media":1474,"template":"","meta":{"_acf_changed":false,"_joinchat":[]},"product_brand":[],"product_cat":[16],"product_tag":[],"class_list":{"0":"post-1473","1":"product","2":"type-product","3":"status-publish","4":"has-post-thumbnail","6":"product_cat-medios-filtrantes-y-resinas","8":"first","9":"instock","10":"shipping-taxable","11":"product-type-simple"},"acf":[],"_links":{"self":[{"href":"https:\/\/etrai.com\/bo\/wp-json\/wp\/v2\/product\/1473","targetHints":{"allow":["GET"]}}],"collection":[{"href":"https:\/\/etrai.com\/bo\/wp-json\/wp\/v2\/product"}],"about":[{"href":"https:\/\/etrai.com\/bo\/wp-json\/wp\/v2\/types\/product"}],"wp:featuredmedia":[{"embeddable":true,"href":"https:\/\/etrai.com\/bo\/wp-json\/wp\/v2\/media\/1474"}],"wp:attachment":[{"href":"https:\/\/etrai.com\/bo\/wp-json\/wp\/v2\/media?parent=1473"}],"wp:term":[{"taxonomy":"product_brand","embeddable":true,"href":"https:\/\/etrai.com\/bo\/wp-json\/wp\/v2\/product_brand?post=1473"},{"taxonomy":"product_cat","embeddable":true,"href":"https:\/\/etrai.com\/bo\/wp-json\/wp\/v2\/product_cat?post=1473"},{"taxonomy":"product_tag","embeddable":true,"href":"https:\/\/etrai.com\/bo\/wp-json\/wp\/v2\/product_tag?post=1473"}],"curies":[{"name":"wp","href":"https:\/\/api.w.org\/{rel}","templated":true}]}}