{"id":1492,"date":"2026-01-15T14:23:35","date_gmt":"2026-01-15T19:23:35","guid":{"rendered":"https:\/\/etrai.com\/bo\/?post_type=product&#038;p=1492"},"modified":"2026-02-09T07:10:03","modified_gmt":"2026-02-09T12:10:03","slug":"filtro-de-sedimentos-tipo-enrrollado-de-hilo-tamano-10x45-poro-5-%c2%b5m","status":"publish","type":"product","link":"https:\/\/etrai.com\/bo\/producto\/filtro-de-sedimentos-tipo-enrrollado-de-hilo-tamano-10x45-poro-5-%c2%b5m\/","title":{"rendered":"Filtro de Sedimentos \/ Tipo: Enrrollado de Hilo \/ Tama\u00f1o: 10&#8243;x4,5&#8243; \/ Poro: 5 \u00b5m \/ PR\u00d3XIMAMENTE"},"content":{"rendered":"","protected":false},"excerpt":{"rendered":"<ul>\n<li>Filtro de sedimentos<\/li>\n<li>Tipo: Enrrollado de hilo<\/li>\n<li>Material: Polipropileno<\/li>\n<li>Tama\u00f1o: 10&#215;4,5 Pulgadas<\/li>\n<li>Tama\u00f1o de poro: 5 micrones<\/li>\n<\/ul>\n<p>Los filtros de hilo enrollado est\u00e1n dise\u00f1ados para la remoci\u00f3n eficiente de sedimentos como arena, limo y \u00f3xidos en sistemas de tratamiento de agua. Fabricados en polipropileno con gradiente de densidad, ofrecen alta capacidad de retenci\u00f3n, mayor vida \u00fatil y una excelente relaci\u00f3n costo-rendimiento.<\/p>\n","protected":false},"featured_media":1493,"template":"","meta":{"_acf_changed":false,"_joinchat":[]},"product_brand":[],"product_cat":[25,30],"product_tag":[],"class_list":{"0":"post-1492","1":"product","2":"type-product","3":"status-publish","4":"has-post-thumbnail","6":"product_cat-cartuchos-de-filtros","7":"product_cat-enrrollado-de-hilo","9":"first","10":"instock","11":"shipping-taxable","12":"product-type-simple"},"acf":[],"_links":{"self":[{"href":"https:\/\/etrai.com\/bo\/wp-json\/wp\/v2\/product\/1492","targetHints":{"allow":["GET"]}}],"collection":[{"href":"https:\/\/etrai.com\/bo\/wp-json\/wp\/v2\/product"}],"about":[{"href":"https:\/\/etrai.com\/bo\/wp-json\/wp\/v2\/types\/product"}],"wp:featuredmedia":[{"embeddable":true,"href":"https:\/\/etrai.com\/bo\/wp-json\/wp\/v2\/media\/1493"}],"wp:attachment":[{"href":"https:\/\/etrai.com\/bo\/wp-json\/wp\/v2\/media?parent=1492"}],"wp:term":[{"taxonomy":"product_brand","embeddable":true,"href":"https:\/\/etrai.com\/bo\/wp-json\/wp\/v2\/product_brand?post=1492"},{"taxonomy":"product_cat","embeddable":true,"href":"https:\/\/etrai.com\/bo\/wp-json\/wp\/v2\/product_cat?post=1492"},{"taxonomy":"product_tag","embeddable":true,"href":"https:\/\/etrai.com\/bo\/wp-json\/wp\/v2\/product_tag?post=1492"}],"curies":[{"name":"wp","href":"https:\/\/api.w.org\/{rel}","templated":true}]}}