{"id":1503,"date":"2026-01-15T15:11:39","date_gmt":"2026-01-15T20:11:39","guid":{"rendered":"https:\/\/etrai.com\/bo\/?post_type=product&#038;p=1503"},"modified":"2026-01-15T15:12:30","modified_gmt":"2026-01-15T20:12:30","slug":"filtro-de-carbon-activado-gac-tipo-granular-tamano-20x25","status":"publish","type":"product","link":"https:\/\/etrai.com\/bo\/producto\/filtro-de-carbon-activado-gac-tipo-granular-tamano-20x25\/","title":{"rendered":"Filtro de Carb\u00f3n Activado (GAC) \/ Tipo: Granular \/ Tama\u00f1o: 20&#8243;x2,5&#8243;"},"content":{"rendered":"","protected":false},"excerpt":{"rendered":"<ul>\n<li>Filtro de Carb\u00f3n Activado (GAC)<\/li>\n<li>Tipo: Granular<\/li>\n<li>Tama\u00f1o: 20X2,5 Pulgadas<\/li>\n<\/ul>\n<p>El filtro de carb\u00f3n activado granulado (GAC) esta dise\u00f1ado para la adsorci\u00f3n eficiente de contaminantes org\u00e1nicos, cloro, sabores y olores presentes en el agua. Gracias a su medio filtrante de carb\u00f3n activado granulado, ofrece una alta capacidad de retenci\u00f3n de compuestos, mejorando notablemente la calidad del agua tratada.<\/p>\n","protected":false},"featured_media":1504,"template":"","meta":{"_acf_changed":false,"_joinchat":[]},"product_brand":[],"product_cat":[25,32],"product_tag":[],"class_list":{"0":"post-1503","1":"product","2":"type-product","3":"status-publish","4":"has-post-thumbnail","6":"product_cat-cartuchos-de-filtros","7":"product_cat-carbon-activado-granular","9":"first","10":"instock","11":"shipping-taxable","12":"product-type-simple"},"acf":[],"_links":{"self":[{"href":"https:\/\/etrai.com\/bo\/wp-json\/wp\/v2\/product\/1503","targetHints":{"allow":["GET"]}}],"collection":[{"href":"https:\/\/etrai.com\/bo\/wp-json\/wp\/v2\/product"}],"about":[{"href":"https:\/\/etrai.com\/bo\/wp-json\/wp\/v2\/types\/product"}],"wp:featuredmedia":[{"embeddable":true,"href":"https:\/\/etrai.com\/bo\/wp-json\/wp\/v2\/media\/1504"}],"wp:attachment":[{"href":"https:\/\/etrai.com\/bo\/wp-json\/wp\/v2\/media?parent=1503"}],"wp:term":[{"taxonomy":"product_brand","embeddable":true,"href":"https:\/\/etrai.com\/bo\/wp-json\/wp\/v2\/product_brand?post=1503"},{"taxonomy":"product_cat","embeddable":true,"href":"https:\/\/etrai.com\/bo\/wp-json\/wp\/v2\/product_cat?post=1503"},{"taxonomy":"product_tag","embeddable":true,"href":"https:\/\/etrai.com\/bo\/wp-json\/wp\/v2\/product_tag?post=1503"}],"curies":[{"name":"wp","href":"https:\/\/api.w.org\/{rel}","templated":true}]}}