{"id":1507,"date":"2026-01-15T15:35:25","date_gmt":"2026-01-15T20:35:25","guid":{"rendered":"https:\/\/etrai.com\/bo\/?post_type=product&#038;p=1507"},"modified":"2026-01-21T07:36:18","modified_gmt":"2026-01-21T12:36:18","slug":"filtro-de-agua-alcalina-antioxidante-marca-lanlang-tamano-10x25","status":"publish","type":"product","link":"https:\/\/etrai.com\/bo\/producto\/filtro-de-agua-alcalina-antioxidante-marca-lanlang-tamano-10x25\/","title":{"rendered":"Filtro de Agua Alcalina Antioxidante \/ Marca: LANLANG \/ Tama\u00f1o: 10&#8243;x2,5&#8243;"},"content":{"rendered":"","protected":false},"excerpt":{"rendered":"<ul>\n<li>Filtro de Agua Alcalina Antioxidante<\/li>\n<li>Marca: LANLANG<\/li>\n<li>Tama\u00f1o: 10X2,5 Pulgadas<\/li>\n<\/ul>\n<p>Filtro de agua alcalina de Lanlang, dise\u00f1ado para sistemas de \u00f3smosis inversa. Eleva el pH del agua tratada y reduce el valor de ORP despu\u00e9s del proceso de \u00f3smosis inversa, mejorando notablemente el olor y el sabor del agua. Est\u00e1 compuesto por carb\u00f3n activado de c\u00e1scara de coco y cer\u00e1micas minerales certificadas, que ayudan a reponer minerales esenciales perdidos durante la \u00f3smosis inversa, como calcio ionizado, magnesio, sodio y potasio. Se instala como una etapa complementaria en sistemas de \u00f3smosis inversa para optimizar la calidad final del agua tratada.<\/p>\n","protected":false},"featured_media":1508,"template":"","meta":{"_acf_changed":false,"_joinchat":[]},"product_brand":[],"product_cat":[25,124],"product_tag":[],"class_list":{"0":"post-1507","1":"product","2":"type-product","3":"status-publish","4":"has-post-thumbnail","6":"product_cat-cartuchos-de-filtros","7":"product_cat-filtro-de-agua-alcalina-antioxidante","9":"first","10":"instock","11":"shipping-taxable","12":"product-type-simple"},"acf":[],"_links":{"self":[{"href":"https:\/\/etrai.com\/bo\/wp-json\/wp\/v2\/product\/1507","targetHints":{"allow":["GET"]}}],"collection":[{"href":"https:\/\/etrai.com\/bo\/wp-json\/wp\/v2\/product"}],"about":[{"href":"https:\/\/etrai.com\/bo\/wp-json\/wp\/v2\/types\/product"}],"wp:featuredmedia":[{"embeddable":true,"href":"https:\/\/etrai.com\/bo\/wp-json\/wp\/v2\/media\/1508"}],"wp:attachment":[{"href":"https:\/\/etrai.com\/bo\/wp-json\/wp\/v2\/media?parent=1507"}],"wp:term":[{"taxonomy":"product_brand","embeddable":true,"href":"https:\/\/etrai.com\/bo\/wp-json\/wp\/v2\/product_brand?post=1507"},{"taxonomy":"product_cat","embeddable":true,"href":"https:\/\/etrai.com\/bo\/wp-json\/wp\/v2\/product_cat?post=1507"},{"taxonomy":"product_tag","embeddable":true,"href":"https:\/\/etrai.com\/bo\/wp-json\/wp\/v2\/product_tag?post=1507"}],"curies":[{"name":"wp","href":"https:\/\/api.w.org\/{rel}","templated":true}]}}