{"id":1546,"date":"2026-01-20T13:15:55","date_gmt":"2026-01-20T18:15:55","guid":{"rendered":"https:\/\/etrai.com\/bo\/?post_type=product&#038;p=1546"},"modified":"2026-01-20T15:08:10","modified_gmt":"2026-01-20T20:08:10","slug":"portafiltro-big-blue-cuerpo-azul-tamano-10x45","status":"publish","type":"product","link":"https:\/\/etrai.com\/bo\/producto\/portafiltro-big-blue-cuerpo-azul-tamano-10x45\/","title":{"rendered":"Portafiltro Big Blue \/ Cuerpo azul \/ Tama\u00f1o: 10&#8243;x4,5&#8243;"},"content":{"rendered":"","protected":false},"excerpt":{"rendered":"<ul>\n<li>Portafiltro Big Blue<\/li>\n<li>Cuerpo: Azul<\/li>\n<li>Tama\u00f1o: 10&#215;4,5 Pulgadas<\/li>\n<li>Conexi\u00f3n: IN\/OUT 1 Pulgada FNTP<\/li>\n<\/ul>\n<p><span class=\"a_GcMg font-feature-liga-off font-feature-clig-off font-feature-calt-off text-decoration-none text-strikethrough-none\">Fabricado en polipropileno resistente, su dise\u00f1o impide el paso de la luz, evitando la formaci\u00f3n de algas en el interior. Ofrece mayor resistencia a la decoloraci\u00f3n y al deterioro por rayos UV, garantizando durabilidad y confiabilidad en el tiempo.<\/span><\/p>\n","protected":false},"featured_media":1547,"template":"","meta":{"_acf_changed":false,"_joinchat":[]},"product_brand":[],"product_cat":[34],"product_tag":[],"class_list":{"0":"post-1546","1":"product","2":"type-product","3":"status-publish","4":"has-post-thumbnail","6":"product_cat-portafiltro","8":"first","9":"instock","10":"shipping-taxable","11":"product-type-simple"},"acf":[],"_links":{"self":[{"href":"https:\/\/etrai.com\/bo\/wp-json\/wp\/v2\/product\/1546","targetHints":{"allow":["GET"]}}],"collection":[{"href":"https:\/\/etrai.com\/bo\/wp-json\/wp\/v2\/product"}],"about":[{"href":"https:\/\/etrai.com\/bo\/wp-json\/wp\/v2\/types\/product"}],"wp:featuredmedia":[{"embeddable":true,"href":"https:\/\/etrai.com\/bo\/wp-json\/wp\/v2\/media\/1547"}],"wp:attachment":[{"href":"https:\/\/etrai.com\/bo\/wp-json\/wp\/v2\/media?parent=1546"}],"wp:term":[{"taxonomy":"product_brand","embeddable":true,"href":"https:\/\/etrai.com\/bo\/wp-json\/wp\/v2\/product_brand?post=1546"},{"taxonomy":"product_cat","embeddable":true,"href":"https:\/\/etrai.com\/bo\/wp-json\/wp\/v2\/product_cat?post=1546"},{"taxonomy":"product_tag","embeddable":true,"href":"https:\/\/etrai.com\/bo\/wp-json\/wp\/v2\/product_tag?post=1546"}],"curies":[{"name":"wp","href":"https:\/\/api.w.org\/{rel}","templated":true}]}}