{"id":1558,"date":"2026-01-20T14:27:55","date_gmt":"2026-01-20T19:27:55","guid":{"rendered":"https:\/\/etrai.com\/bo\/?post_type=product&#038;p=1558"},"modified":"2026-01-20T14:29:23","modified_gmt":"2026-01-20T19:29:23","slug":"soporte-metalico-para-portafiltro-de-20x25","status":"publish","type":"product","link":"https:\/\/etrai.com\/bo\/producto\/soporte-metalico-para-portafiltro-de-20x25\/","title":{"rendered":"Soporte met\u00e1lico \/ Para Portafiltro de 20&#8243;x2,5&#8243;"},"content":{"rendered":"","protected":false},"excerpt":{"rendered":"<ul>\n<li>Soporte met\u00e1lico<\/li>\n<li>Para Portafiltro de 20&#215;2,5 Pulgadas<\/li>\n<\/ul>\n<p>El soporte met\u00e1lico es necesario para una instalaci\u00f3n segura y estable de portafiltros en sistemas de filtraci\u00f3n de agua.<\/p>\n","protected":false},"featured_media":1559,"template":"","meta":{"_acf_changed":false,"_joinchat":[]},"product_brand":[],"product_cat":[34,131],"product_tag":[],"class_list":{"0":"post-1558","1":"product","2":"type-product","3":"status-publish","4":"has-post-thumbnail","6":"product_cat-portafiltro","7":"product_cat-accesorios","9":"first","10":"instock","11":"shipping-taxable","12":"product-type-simple"},"acf":[],"_links":{"self":[{"href":"https:\/\/etrai.com\/bo\/wp-json\/wp\/v2\/product\/1558","targetHints":{"allow":["GET"]}}],"collection":[{"href":"https:\/\/etrai.com\/bo\/wp-json\/wp\/v2\/product"}],"about":[{"href":"https:\/\/etrai.com\/bo\/wp-json\/wp\/v2\/types\/product"}],"wp:featuredmedia":[{"embeddable":true,"href":"https:\/\/etrai.com\/bo\/wp-json\/wp\/v2\/media\/1559"}],"wp:attachment":[{"href":"https:\/\/etrai.com\/bo\/wp-json\/wp\/v2\/media?parent=1558"}],"wp:term":[{"taxonomy":"product_brand","embeddable":true,"href":"https:\/\/etrai.com\/bo\/wp-json\/wp\/v2\/product_brand?post=1558"},{"taxonomy":"product_cat","embeddable":true,"href":"https:\/\/etrai.com\/bo\/wp-json\/wp\/v2\/product_cat?post=1558"},{"taxonomy":"product_tag","embeddable":true,"href":"https:\/\/etrai.com\/bo\/wp-json\/wp\/v2\/product_tag?post=1558"}],"curies":[{"name":"wp","href":"https:\/\/api.w.org\/{rel}","templated":true}]}}