{"id":1568,"date":"2026-01-20T15:03:55","date_gmt":"2026-01-20T20:03:55","guid":{"rendered":"https:\/\/etrai.com\/bo\/?post_type=product&#038;p=1568"},"modified":"2026-01-20T15:03:56","modified_gmt":"2026-01-20T20:03:56","slug":"portafiltro-big-housing-con-ventana-y-funcion-de-retrolavado-tamano-10x45","status":"publish","type":"product","link":"https:\/\/etrai.com\/bo\/producto\/portafiltro-big-housing-con-ventana-y-funcion-de-retrolavado-tamano-10x45\/","title":{"rendered":"Portafiltro Big Housing \/ con Ventana y Funci\u00f3n de Retrolavado \/ Tama\u00f1o: 10&#8243;x4,5&#8243;"},"content":{"rendered":"","protected":false},"excerpt":{"rendered":"<ul>\n<li>Tama\u00f1o: 10&#215;4,5 pulgadas<\/li>\n<li>Cuerpo Blanco<\/li>\n<li>Conexion: 1 pulgada NPT de Laton<\/li>\n<\/ul>\n<p><span class=\"a_GcMg font-feature-liga-off font-feature-clig-off font-feature-calt-off text-decoration-none text-strikethrough-none\">Portafiltro bighousing fabricado en materiales pl\u00e1sticos de alta calidad, compatible con distintos cartuchos filtrantes seg\u00fan la calidad del agua,<\/span> <span class=\"a_GcMg font-feature-liga-off font-feature-clig-off font-feature-calt-off text-decoration-none text-strikethrough-none\">ofrece una instalaci\u00f3n sencilla y estructura resistente para un uso confiable. Ideal para sistemas de filtraci\u00f3n en hogares, hoteles y restaurantes. Adem\u00e1s, presenta cuatro modos diferentes: filtro, bypass, retrolavado y parada que se seleccionan mediante un giro del mango, los usuarios pueden cambiar entre las funciones sin esfuerzo, asegurando una operaci\u00f3n conveniente y eficiente<\/span><\/p>\n","protected":false},"featured_media":1569,"template":"","meta":{"_acf_changed":false,"_joinchat":[]},"product_brand":[],"product_cat":[34],"product_tag":[],"class_list":{"0":"post-1568","1":"product","2":"type-product","3":"status-publish","4":"has-post-thumbnail","6":"product_cat-portafiltro","8":"first","9":"instock","10":"shipping-taxable","11":"product-type-simple"},"acf":[],"_links":{"self":[{"href":"https:\/\/etrai.com\/bo\/wp-json\/wp\/v2\/product\/1568","targetHints":{"allow":["GET"]}}],"collection":[{"href":"https:\/\/etrai.com\/bo\/wp-json\/wp\/v2\/product"}],"about":[{"href":"https:\/\/etrai.com\/bo\/wp-json\/wp\/v2\/types\/product"}],"wp:featuredmedia":[{"embeddable":true,"href":"https:\/\/etrai.com\/bo\/wp-json\/wp\/v2\/media\/1569"}],"wp:attachment":[{"href":"https:\/\/etrai.com\/bo\/wp-json\/wp\/v2\/media?parent=1568"}],"wp:term":[{"taxonomy":"product_brand","embeddable":true,"href":"https:\/\/etrai.com\/bo\/wp-json\/wp\/v2\/product_brand?post=1568"},{"taxonomy":"product_cat","embeddable":true,"href":"https:\/\/etrai.com\/bo\/wp-json\/wp\/v2\/product_cat?post=1568"},{"taxonomy":"product_tag","embeddable":true,"href":"https:\/\/etrai.com\/bo\/wp-json\/wp\/v2\/product_tag?post=1568"}],"curies":[{"name":"wp","href":"https:\/\/api.w.org\/{rel}","templated":true}]}}