{"id":1581,"date":"2026-01-20T15:39:50","date_gmt":"2026-01-20T20:39:50","guid":{"rendered":"https:\/\/etrai.com\/bo\/?post_type=product&#038;p=1581"},"modified":"2026-01-20T15:40:21","modified_gmt":"2026-01-20T20:40:21","slug":"portamembrana-de-osmosis-inversa-ro-tamano-3012-2","status":"publish","type":"product","link":"https:\/\/etrai.com\/bo\/producto\/portamembrana-de-osmosis-inversa-ro-tamano-3012-2\/","title":{"rendered":"Portamembrana de \u00d3smosis Inversa (RO) \/ Tama\u00f1o: 3012"},"content":{"rendered":"","protected":false},"excerpt":{"rendered":"<p>Tama\u00f1o: 3012<\/p>\n<p><span class=\"a_GcMg font-feature-liga-off font-feature-clig-off font-feature-calt-off text-decoration-none text-strikethrough-none\">Porta membrana de \u00f3smosis inversa RO, fabricado en polipropileno reforzado, dise\u00f1ado para ofrecer seguridad, durabilidad y rendimiento confiable. Compatible con sistemas de \u00f3smosis inversa residenciales<\/span><\/p>\n","protected":false},"featured_media":1579,"template":"","meta":{"_acf_changed":false,"_joinchat":[]},"product_brand":[],"product_cat":[34],"product_tag":[],"class_list":{"0":"post-1581","1":"product","2":"type-product","3":"status-publish","4":"has-post-thumbnail","6":"product_cat-portafiltro","8":"first","9":"instock","10":"shipping-taxable","11":"product-type-simple"},"acf":[],"_links":{"self":[{"href":"https:\/\/etrai.com\/bo\/wp-json\/wp\/v2\/product\/1581","targetHints":{"allow":["GET"]}}],"collection":[{"href":"https:\/\/etrai.com\/bo\/wp-json\/wp\/v2\/product"}],"about":[{"href":"https:\/\/etrai.com\/bo\/wp-json\/wp\/v2\/types\/product"}],"wp:featuredmedia":[{"embeddable":true,"href":"https:\/\/etrai.com\/bo\/wp-json\/wp\/v2\/media\/1579"}],"wp:attachment":[{"href":"https:\/\/etrai.com\/bo\/wp-json\/wp\/v2\/media?parent=1581"}],"wp:term":[{"taxonomy":"product_brand","embeddable":true,"href":"https:\/\/etrai.com\/bo\/wp-json\/wp\/v2\/product_brand?post=1581"},{"taxonomy":"product_cat","embeddable":true,"href":"https:\/\/etrai.com\/bo\/wp-json\/wp\/v2\/product_cat?post=1581"},{"taxonomy":"product_tag","embeddable":true,"href":"https:\/\/etrai.com\/bo\/wp-json\/wp\/v2\/product_tag?post=1581"}],"curies":[{"name":"wp","href":"https:\/\/api.w.org\/{rel}","templated":true}]}}