{"id":1661,"date":"2026-01-21T12:35:26","date_gmt":"2026-01-21T17:35:26","guid":{"rendered":"https:\/\/etrai.com\/bo\/?post_type=product&#038;p=1661"},"modified":"2026-05-12T08:12:13","modified_gmt":"2026-05-12T13:12:13","slug":"sistema-residencial-de-osmosis-inversa-capacidad-75-gpd-5-etapas","status":"publish","type":"product","link":"https:\/\/etrai.com\/bo\/producto\/sistema-residencial-de-osmosis-inversa-capacidad-75-gpd-5-etapas\/","title":{"rendered":"Sistema Residencial de \u00d3smosis Inversa \/ Capacidad: 75 gpd \/ 5 Etapas"},"content":{"rendered":"","protected":false},"excerpt":{"rendered":"<ul>\n<li>Capacidad: 75 GPD<\/li>\n<li>5 Etapas: Prefiltraci\u00f3n (PP + GAC + CTO) + Membrana RO + Postfiltro de Carbon Activado en linea<\/li>\n<li>Alimentaci\u00f3n: 220 V AC, 50 Hz<\/li>\n<\/ul>\n<p><span class=\"a_GcMg font-feature-liga-off font-feature-clig-off font-feature-calt-off text-decoration-none text-strikethrough-none\">El sistema residencial de \u00f3smosis inversa (RO) de 5 etapas est\u00e1 dise\u00f1ado para proporcionar agua purificada de alta calidad, eliminando impurezas, sedimentos, cloro, microorganismos y sales disueltas. Gracias a su bomba de refuerzo y descarga autom\u00e1tica, garantiza un funcionamiento eficiente, estable y con bajo mantenimiento, siendo ideal para aplicaciones dom\u00e9sticas que requieren agua segura y de excelente sabor.<\/span><\/p>\n","protected":false},"featured_media":1687,"template":"","meta":{"_acf_changed":false,"_joinchat":[]},"product_brand":[],"product_cat":[140],"product_tag":[],"class_list":{"0":"post-1661","1":"product","2":"type-product","3":"status-publish","4":"has-post-thumbnail","6":"product_cat-sitemas-de-osmosis-inversa-ro-domiciliario","8":"first","9":"instock","10":"shipping-taxable","11":"product-type-simple"},"acf":[],"_links":{"self":[{"href":"https:\/\/etrai.com\/bo\/wp-json\/wp\/v2\/product\/1661","targetHints":{"allow":["GET"]}}],"collection":[{"href":"https:\/\/etrai.com\/bo\/wp-json\/wp\/v2\/product"}],"about":[{"href":"https:\/\/etrai.com\/bo\/wp-json\/wp\/v2\/types\/product"}],"wp:featuredmedia":[{"embeddable":true,"href":"https:\/\/etrai.com\/bo\/wp-json\/wp\/v2\/media\/1687"}],"wp:attachment":[{"href":"https:\/\/etrai.com\/bo\/wp-json\/wp\/v2\/media?parent=1661"}],"wp:term":[{"taxonomy":"product_brand","embeddable":true,"href":"https:\/\/etrai.com\/bo\/wp-json\/wp\/v2\/product_brand?post=1661"},{"taxonomy":"product_cat","embeddable":true,"href":"https:\/\/etrai.com\/bo\/wp-json\/wp\/v2\/product_cat?post=1661"},{"taxonomy":"product_tag","embeddable":true,"href":"https:\/\/etrai.com\/bo\/wp-json\/wp\/v2\/product_tag?post=1661"}],"curies":[{"name":"wp","href":"https:\/\/api.w.org\/{rel}","templated":true}]}}