{"id":1663,"date":"2026-01-21T12:35:36","date_gmt":"2026-01-21T17:35:36","guid":{"rendered":"https:\/\/etrai.com\/bo\/?post_type=product&#038;p=1663"},"modified":"2026-05-12T08:16:55","modified_gmt":"2026-05-12T13:16:55","slug":"sistema-residencial-de-osmosis-inversa-capacidad-75-gpd-7-etapas","status":"publish","type":"product","link":"https:\/\/etrai.com\/bo\/producto\/sistema-residencial-de-osmosis-inversa-capacidad-75-gpd-7-etapas\/","title":{"rendered":"Sistema Residencial de \u00d3smosis Inversa \/ Capacidad: 75 GPD \/ 7 Etapas"},"content":{"rendered":"","protected":false},"excerpt":{"rendered":"<ul>\n<li>Capacidad: 75 GPD<\/li>\n<li>7 Etapas: Prefiltraci\u00f3n (PP + GAC + CTO) + Membrana RO + Postfiltro (Carbon Activado en linea + Mineralizador en linea + Alcalinizador)<\/li>\n<li>Alimentaci\u00f3n: 220 V AC, 50 Hz<\/li>\n<\/ul>\n<p>El sistema residencial de \u00f3smosis inversa (RO) de 7 etapas est\u00e1 dise\u00f1ado para proporcionar agua purificada de alta calidad, eliminando impurezas, sedimentos, cloro, microorganismos y sales disueltas. Gracias a su bomba de refuerzo y descarga autom\u00e1tica, garantiza un funcionamiento eficiente, estable y con bajo mantenimiento, siendo ideal para aplicaciones dom\u00e9sticas que requieren agua segura y de excelente sabor.<\/p>\n","protected":false},"featured_media":1688,"template":"","meta":{"_acf_changed":false,"_joinchat":[]},"product_brand":[],"product_cat":[140],"product_tag":[],"class_list":{"0":"post-1663","1":"product","2":"type-product","3":"status-publish","4":"has-post-thumbnail","6":"product_cat-sitemas-de-osmosis-inversa-ro-domiciliario","8":"first","9":"instock","10":"shipping-taxable","11":"product-type-simple"},"acf":[],"_links":{"self":[{"href":"https:\/\/etrai.com\/bo\/wp-json\/wp\/v2\/product\/1663","targetHints":{"allow":["GET"]}}],"collection":[{"href":"https:\/\/etrai.com\/bo\/wp-json\/wp\/v2\/product"}],"about":[{"href":"https:\/\/etrai.com\/bo\/wp-json\/wp\/v2\/types\/product"}],"wp:featuredmedia":[{"embeddable":true,"href":"https:\/\/etrai.com\/bo\/wp-json\/wp\/v2\/media\/1688"}],"wp:attachment":[{"href":"https:\/\/etrai.com\/bo\/wp-json\/wp\/v2\/media?parent=1663"}],"wp:term":[{"taxonomy":"product_brand","embeddable":true,"href":"https:\/\/etrai.com\/bo\/wp-json\/wp\/v2\/product_brand?post=1663"},{"taxonomy":"product_cat","embeddable":true,"href":"https:\/\/etrai.com\/bo\/wp-json\/wp\/v2\/product_cat?post=1663"},{"taxonomy":"product_tag","embeddable":true,"href":"https:\/\/etrai.com\/bo\/wp-json\/wp\/v2\/product_tag?post=1663"}],"curies":[{"name":"wp","href":"https:\/\/api.w.org\/{rel}","templated":true}]}}