{"id":752,"date":"2025-07-03T15:57:43","date_gmt":"2025-07-03T20:57:43","guid":{"rendered":"https:\/\/etrai.com\/bo\/?post_type=product&#038;p=752"},"modified":"2026-01-20T13:15:11","modified_gmt":"2026-01-20T18:15:11","slug":"porta-filtro-cuerpo-azul-10x25-pulgadas","status":"publish","type":"product","link":"https:\/\/etrai.com\/bo\/producto\/porta-filtro-cuerpo-azul-10x25-pulgadas\/","title":{"rendered":"Portafiltro \/ Cuerpo azul \/ Tama\u00f1o: 10&#8243;x2,5&#8243;"},"content":{"rendered":"","protected":false},"excerpt":{"rendered":"<ul>\n<li>Portafiltro<\/li>\n<li>Cuerpo: Azul<\/li>\n<li>Tama\u00f1o: 10&#215;2,5 Pulgadas<\/li>\n<li>Conexi\u00f3n: IN\/OUT 1\/2 Pulgada FNTP<\/li>\n<\/ul>\n<p><span class=\"a_GcMg font-feature-liga-off font-feature-clig-off font-feature-calt-off text-decoration-none text-strikethrough-none\">Fabricado en polipropileno resistente, su dise\u00f1o impide el paso de la luz, evitando la formaci\u00f3n de algas en el interior. Ofrece mayor resistencia a la decoloraci\u00f3n y al deterioro por rayos UV, garantizando durabilidad y confiabilidad en el tiempo.<\/span><\/p>\n","protected":false},"featured_media":948,"template":"","meta":{"_acf_changed":false,"_joinchat":[]},"product_brand":[],"product_cat":[34,49],"product_tag":[],"class_list":{"0":"post-752","1":"product","2":"type-product","3":"status-publish","4":"has-post-thumbnail","6":"product_cat-portafiltro","7":"product_cat-porta-filtro-cuerpo-azul","9":"first","10":"instock","11":"featured","12":"shipping-taxable","13":"product-type-simple"},"acf":[],"_links":{"self":[{"href":"https:\/\/etrai.com\/bo\/wp-json\/wp\/v2\/product\/752","targetHints":{"allow":["GET"]}}],"collection":[{"href":"https:\/\/etrai.com\/bo\/wp-json\/wp\/v2\/product"}],"about":[{"href":"https:\/\/etrai.com\/bo\/wp-json\/wp\/v2\/types\/product"}],"wp:featuredmedia":[{"embeddable":true,"href":"https:\/\/etrai.com\/bo\/wp-json\/wp\/v2\/media\/948"}],"wp:attachment":[{"href":"https:\/\/etrai.com\/bo\/wp-json\/wp\/v2\/media?parent=752"}],"wp:term":[{"taxonomy":"product_brand","embeddable":true,"href":"https:\/\/etrai.com\/bo\/wp-json\/wp\/v2\/product_brand?post=752"},{"taxonomy":"product_cat","embeddable":true,"href":"https:\/\/etrai.com\/bo\/wp-json\/wp\/v2\/product_cat?post=752"},{"taxonomy":"product_tag","embeddable":true,"href":"https:\/\/etrai.com\/bo\/wp-json\/wp\/v2\/product_tag?post=752"}],"curies":[{"name":"wp","href":"https:\/\/api.w.org\/{rel}","templated":true}]}}