{"id":767,"date":"2025-07-10T15:45:37","date_gmt":"2025-07-10T20:45:37","guid":{"rendered":"https:\/\/etrai.com\/bo\/?post_type=product&#038;p=767"},"modified":"2026-01-15T13:47:21","modified_gmt":"2026-01-15T18:47:21","slug":"filtro-tipo-melt-blown-30x25-5-%c2%b5","status":"publish","type":"product","link":"https:\/\/etrai.com\/bo\/producto\/filtro-tipo-melt-blown-30x25-5-%c2%b5\/","title":{"rendered":"Filtro de Sedimentos \/ Tipo: Melt Blown \/ Tama\u00f1o: 30&#8243;x2,5&#8243; \/ Poro: 5 \u00b5m"},"content":{"rendered":"","protected":false},"excerpt":{"rendered":"<ul>\n<li>Filtro de sedimentos<\/li>\n<li>Tipo: Melt Blown<\/li>\n<li>Material: Polipropileno<\/li>\n<li>Tama\u00f1o: 30&#215;2,5 Pulgadas<\/li>\n<li>Tama\u00f1o de poro: 5 micrones<\/li>\n<\/ul>\n<p>Este cartucho filtrante est\u00e1 fabricado en polipropileno mediante tecnolog\u00eda de soplado en fusi\u00f3n (Melt Blown), lo que garantiza una estructura uniforme y de alta densidad. Dise\u00f1ado especialmente para la retenci\u00f3n eficiente de sedimentos como tierra, arena, \u00f3xido y otras part\u00edculas s\u00f3lidas suspendidas en el agua.<\/p>\n","protected":false},"featured_media":1479,"template":"","meta":{"_acf_changed":false,"_joinchat":[]},"product_brand":[],"product_cat":[25,26],"product_tag":[],"class_list":{"0":"post-767","1":"product","2":"type-product","3":"status-publish","4":"has-post-thumbnail","6":"product_cat-cartuchos-de-filtros","7":"product_cat-melt-blown","9":"first","10":"instock","11":"shipping-taxable","12":"product-type-simple"},"acf":[],"_links":{"self":[{"href":"https:\/\/etrai.com\/bo\/wp-json\/wp\/v2\/product\/767","targetHints":{"allow":["GET"]}}],"collection":[{"href":"https:\/\/etrai.com\/bo\/wp-json\/wp\/v2\/product"}],"about":[{"href":"https:\/\/etrai.com\/bo\/wp-json\/wp\/v2\/types\/product"}],"wp:featuredmedia":[{"embeddable":true,"href":"https:\/\/etrai.com\/bo\/wp-json\/wp\/v2\/media\/1479"}],"wp:attachment":[{"href":"https:\/\/etrai.com\/bo\/wp-json\/wp\/v2\/media?parent=767"}],"wp:term":[{"taxonomy":"product_brand","embeddable":true,"href":"https:\/\/etrai.com\/bo\/wp-json\/wp\/v2\/product_brand?post=767"},{"taxonomy":"product_cat","embeddable":true,"href":"https:\/\/etrai.com\/bo\/wp-json\/wp\/v2\/product_cat?post=767"},{"taxonomy":"product_tag","embeddable":true,"href":"https:\/\/etrai.com\/bo\/wp-json\/wp\/v2\/product_tag?post=767"}],"curies":[{"name":"wp","href":"https:\/\/api.w.org\/{rel}","templated":true}]}}