{"id":887,"date":"2025-07-21T10:25:46","date_gmt":"2025-07-21T15:25:46","guid":{"rendered":"https:\/\/etrai.com\/bo\/?post_type=product&#038;p=887"},"modified":"2025-10-29T10:29:18","modified_gmt":"2025-10-29T15:29:18","slug":"daf-a-30-coagulante","status":"publish","type":"product","link":"https:\/\/etrai.com\/bo\/producto\/daf-a-30-coagulante\/","title":{"rendered":"DAF &#8211; A 30 \/ Coagulante"},"content":{"rendered":"","protected":false},"excerpt":{"rendered":"<ul>\n<li>Coagulante<\/li>\n<li>Unidad: Bag (Bolsa)<\/li>\n<li>Modelo: DAF &#8211; A30<\/li>\n<li>Presentaci\u00f3n: Bolsa de 25 Kg<\/li>\n<\/ul>\n<p>El DAF\u2013A30 es un coagulante altamente efectivo, utilizado en la clarificaci\u00f3n del tratamiento de agua potable y aguas residuales. Su capacidad para eliminar una amplia gama de contaminantes y reducir la carga microbiol\u00f3gica lo convierte en un componente esencial en el proceso. Adem\u00e1s, su r\u00e1pida velocidad de floculaci\u00f3n y sedimentaci\u00f3n optimiza tanto la eficacia como la eficiencia en el tratamiento de aguas.<\/p>\n","protected":false},"featured_media":888,"template":"","meta":{"_acf_changed":false,"_joinchat":[]},"product_brand":[],"product_cat":[57,58],"product_tag":[],"class_list":{"0":"post-887","1":"product","2":"type-product","3":"status-publish","4":"has-post-thumbnail","6":"product_cat-insumos-quimicos","7":"product_cat-coagulante-floculante","9":"first","10":"instock","11":"shipping-taxable","12":"product-type-simple"},"acf":[],"_links":{"self":[{"href":"https:\/\/etrai.com\/bo\/wp-json\/wp\/v2\/product\/887","targetHints":{"allow":["GET"]}}],"collection":[{"href":"https:\/\/etrai.com\/bo\/wp-json\/wp\/v2\/product"}],"about":[{"href":"https:\/\/etrai.com\/bo\/wp-json\/wp\/v2\/types\/product"}],"wp:featuredmedia":[{"embeddable":true,"href":"https:\/\/etrai.com\/bo\/wp-json\/wp\/v2\/media\/888"}],"wp:attachment":[{"href":"https:\/\/etrai.com\/bo\/wp-json\/wp\/v2\/media?parent=887"}],"wp:term":[{"taxonomy":"product_brand","embeddable":true,"href":"https:\/\/etrai.com\/bo\/wp-json\/wp\/v2\/product_brand?post=887"},{"taxonomy":"product_cat","embeddable":true,"href":"https:\/\/etrai.com\/bo\/wp-json\/wp\/v2\/product_cat?post=887"},{"taxonomy":"product_tag","embeddable":true,"href":"https:\/\/etrai.com\/bo\/wp-json\/wp\/v2\/product_tag?post=887"}],"curies":[{"name":"wp","href":"https:\/\/api.w.org\/{rel}","templated":true}]}}