{"id":889,"date":"2025-07-21T10:36:09","date_gmt":"2025-07-21T15:36:09","guid":{"rendered":"https:\/\/etrai.com\/bo\/?post_type=product&#038;p=889"},"modified":"2025-10-29T10:29:10","modified_gmt":"2025-10-29T15:29:10","slug":"daf-139-floculante-no-ionico","status":"publish","type":"product","link":"https:\/\/etrai.com\/bo\/producto\/daf-139-floculante-no-ionico\/","title":{"rendered":"DAF &#8211; 139 \/ Floculante no i\u00f3nico"},"content":{"rendered":"","protected":false},"excerpt":{"rendered":"<ul>\n<li>Floculante no i\u00f3nico<\/li>\n<li>Unidad: Bag (Bolsa)<\/li>\n<li>Modelo: DAF &#8211; 139<\/li>\n<li>Presentaci\u00f3n: Bolsa de 25 Kg<\/li>\n<\/ul>\n<p>El DAF\u2013139 es un floculante no i\u00f3nico soluble en agua, utilizado en el tratamiento de aguas. Destacandose por su alta eficacia en la coagulaci\u00f3n de lodos, facilitando la separaci\u00f3n s\u00f3lido-l\u00edquido. Tambien optimiza los procesos de clarificaci\u00f3n y es eficaz en la potabilizaci\u00f3n de aguas.<\/p>\n","protected":false},"featured_media":890,"template":"","meta":{"_acf_changed":false,"_joinchat":[]},"product_brand":[],"product_cat":[57,58],"product_tag":[],"class_list":{"0":"post-889","1":"product","2":"type-product","3":"status-publish","4":"has-post-thumbnail","6":"product_cat-insumos-quimicos","7":"product_cat-coagulante-floculante","9":"first","10":"instock","11":"shipping-taxable","12":"product-type-simple"},"acf":[],"_links":{"self":[{"href":"https:\/\/etrai.com\/bo\/wp-json\/wp\/v2\/product\/889","targetHints":{"allow":["GET"]}}],"collection":[{"href":"https:\/\/etrai.com\/bo\/wp-json\/wp\/v2\/product"}],"about":[{"href":"https:\/\/etrai.com\/bo\/wp-json\/wp\/v2\/types\/product"}],"wp:featuredmedia":[{"embeddable":true,"href":"https:\/\/etrai.com\/bo\/wp-json\/wp\/v2\/media\/890"}],"wp:attachment":[{"href":"https:\/\/etrai.com\/bo\/wp-json\/wp\/v2\/media?parent=889"}],"wp:term":[{"taxonomy":"product_brand","embeddable":true,"href":"https:\/\/etrai.com\/bo\/wp-json\/wp\/v2\/product_brand?post=889"},{"taxonomy":"product_cat","embeddable":true,"href":"https:\/\/etrai.com\/bo\/wp-json\/wp\/v2\/product_cat?post=889"},{"taxonomy":"product_tag","embeddable":true,"href":"https:\/\/etrai.com\/bo\/wp-json\/wp\/v2\/product_tag?post=889"}],"curies":[{"name":"wp","href":"https:\/\/api.w.org\/{rel}","templated":true}]}}