{"id":978,"date":"2025-07-25T13:10:30","date_gmt":"2025-07-25T18:10:30","guid":{"rendered":"https:\/\/etrai.com\/bo\/?post_type=product&#038;p=978"},"modified":"2026-01-15T13:58:56","modified_gmt":"2026-01-15T18:58:56","slug":"filtro-tipo-melt-blown-10x45%e2%80%b3-5-%c2%b5","status":"publish","type":"product","link":"https:\/\/etrai.com\/bo\/producto\/filtro-tipo-melt-blown-10x45%e2%80%b3-5-%c2%b5\/","title":{"rendered":"Filtro de Sedimentos \/ Tipo: Melt Blown \/ Tama\u00f1o: 10&#8243;\u00d74,5\u2033 \/ Poro: 5 \u00b5m"},"content":{"rendered":"","protected":false},"excerpt":{"rendered":"<ul>\n<li>Filtro de sedimentos<\/li>\n<li>Tipo: Melt Blown<\/li>\n<li>Material: Polipropileno<\/li>\n<li>Tama\u00f1o: 10\u00d74,5 Pulgadas<\/li>\n<li>Tama\u00f1o de poro: 5 micrones<\/li>\n<\/ul>\n<p>Este cartucho filtrante est\u00e1 fabricado en polipropileno mediante tecnolog\u00eda de soplado en fusi\u00f3n (Melt Blown), lo que garantiza una estructura uniforme y de alta densidad. Dise\u00f1ado especialmente para la retenci\u00f3n eficiente de sedimentos como tierra, arena, \u00f3xido y otras part\u00edculas s\u00f3lidas suspendidas en el agua.<\/p>\n","protected":false},"featured_media":979,"template":"","meta":{"_acf_changed":false,"_joinchat":[]},"product_brand":[],"product_cat":[25,26],"product_tag":[],"class_list":{"0":"post-978","1":"product","2":"type-product","3":"status-publish","4":"has-post-thumbnail","6":"product_cat-cartuchos-de-filtros","7":"product_cat-melt-blown","9":"first","10":"instock","11":"shipping-taxable","12":"product-type-simple"},"acf":[],"_links":{"self":[{"href":"https:\/\/etrai.com\/bo\/wp-json\/wp\/v2\/product\/978","targetHints":{"allow":["GET"]}}],"collection":[{"href":"https:\/\/etrai.com\/bo\/wp-json\/wp\/v2\/product"}],"about":[{"href":"https:\/\/etrai.com\/bo\/wp-json\/wp\/v2\/types\/product"}],"wp:featuredmedia":[{"embeddable":true,"href":"https:\/\/etrai.com\/bo\/wp-json\/wp\/v2\/media\/979"}],"wp:attachment":[{"href":"https:\/\/etrai.com\/bo\/wp-json\/wp\/v2\/media?parent=978"}],"wp:term":[{"taxonomy":"product_brand","embeddable":true,"href":"https:\/\/etrai.com\/bo\/wp-json\/wp\/v2\/product_brand?post=978"},{"taxonomy":"product_cat","embeddable":true,"href":"https:\/\/etrai.com\/bo\/wp-json\/wp\/v2\/product_cat?post=978"},{"taxonomy":"product_tag","embeddable":true,"href":"https:\/\/etrai.com\/bo\/wp-json\/wp\/v2\/product_tag?post=978"}],"curies":[{"name":"wp","href":"https:\/\/api.w.org\/{rel}","templated":true}]}}