{"id":1013,"date":"2026-04-17T15:35:06","date_gmt":"2026-04-17T20:35:06","guid":{"rendered":"https:\/\/etrai.com\/pe\/?post_type=product&#038;p=1013"},"modified":"2026-04-17T15:36:18","modified_gmt":"2026-04-17T20:36:18","slug":"injector-venturi-conexion-3-4-npt-material-pvdf","status":"publish","type":"product","link":"https:\/\/etrai.com\/pe\/producto\/injector-venturi-conexion-3-4-npt-material-pvdf\/","title":{"rendered":"INJECTOR VENTURI \/ CONEXI\u00d3N: 3\/4&#8243; NPT \/ MATERIAL: PVDF"},"content":{"rendered":"","protected":false},"excerpt":{"rendered":"<ul>\n<li>Injector venturi<\/li>\n<li>Conexi\u00f3n: 3\/4&#8243; NPT<\/li>\n<li>Material: PVDF<\/li>\n<\/ul>\n<p>Los inyectores Venturi son dispositivos hidr\u00e1ulicos esenciales en sistemas de generaci\u00f3n y aplicaci\u00f3n de ozono, ya que permiten la inyecci\u00f3n y mezcla eficiente del gas ozono con el flujo de agua a tratar. Su principio de funcionamiento se basa en el efecto Venturi: cuando el agua pasa a alta velocidad por el interior del inyector, se genera una zona de baja presi\u00f3n que succiona el ozono desde el generador y lo incorpora directamente al flujo de agua.<\/p>\n","protected":false},"featured_media":1014,"comment_status":"open","ping_status":"closed","template":"","meta":{"_acf_changed":false,"_joinchat":[]},"product_brand":[],"product_cat":[51],"product_tag":[],"class_list":{"0":"post-1013","1":"product","2":"type-product","3":"status-publish","4":"has-post-thumbnail","6":"product_cat-venturi","8":"first","9":"instock","10":"shipping-taxable","11":"purchasable","12":"product-type-simple"},"acf":[],"_links":{"self":[{"href":"https:\/\/etrai.com\/pe\/wp-json\/wp\/v2\/product\/1013","targetHints":{"allow":["GET"]}}],"collection":[{"href":"https:\/\/etrai.com\/pe\/wp-json\/wp\/v2\/product"}],"about":[{"href":"https:\/\/etrai.com\/pe\/wp-json\/wp\/v2\/types\/product"}],"replies":[{"embeddable":true,"href":"https:\/\/etrai.com\/pe\/wp-json\/wp\/v2\/comments?post=1013"}],"wp:featuredmedia":[{"embeddable":true,"href":"https:\/\/etrai.com\/pe\/wp-json\/wp\/v2\/media\/1014"}],"wp:attachment":[{"href":"https:\/\/etrai.com\/pe\/wp-json\/wp\/v2\/media?parent=1013"}],"wp:term":[{"taxonomy":"product_brand","embeddable":true,"href":"https:\/\/etrai.com\/pe\/wp-json\/wp\/v2\/product_brand?post=1013"},{"taxonomy":"product_cat","embeddable":true,"href":"https:\/\/etrai.com\/pe\/wp-json\/wp\/v2\/product_cat?post=1013"},{"taxonomy":"product_tag","embeddable":true,"href":"https:\/\/etrai.com\/pe\/wp-json\/wp\/v2\/product_tag?post=1013"}],"curies":[{"name":"wp","href":"https:\/\/api.w.org\/{rel}","templated":true}]}}