{"id":151,"date":"2025-03-09T00:14:49","date_gmt":"2025-03-09T00:14:49","guid":{"rendered":"https:\/\/web.etrai.com\/?post_type=product&#038;p=151"},"modified":"2026-04-10T13:19:20","modified_gmt":"2026-04-10T18:19:20","slug":"filtro-de-carbon-activado-10x25-2","status":"publish","type":"product","link":"https:\/\/etrai.com\/pe\/producto\/filtro-de-carbon-activado-10x25-2\/","title":{"rendered":"Carb\u00f3n activado \/ Bloque \/ 10&#215;2.5 Pulgadas"},"content":{"rendered":"","protected":false},"excerpt":{"rendered":"<ul>\n<li>Filtro de Carb\u00f3n Activado<\/li>\n<li>Tipo: Bloque<\/li>\n<li>Tama\u00f1o: 10X2,5 Pulg.<\/li>\n<li>Tama\u00f1o de poro: 5 micrones<\/li>\n<\/ul>\n<p>Este filtro de carb\u00f3n activado tipo bloque est\u00e1 dise\u00f1ado para mejorar la calidad del agua mediante la adsorci\u00f3n eficiente de cloro, compuestos org\u00e1nicos, malos olores, sabores desagradables y productos qu\u00edmicos comunes presentes en el agua potable. Su estructura en bloque compacto ofrece una mayor densidad y contacto prolongado con el agua, optimizando la capacidad de filtraci\u00f3n y garantizando una purificaci\u00f3n m\u00e1s efectiva en comparaci\u00f3n con los filtros de carb\u00f3n granular<\/p>\n","protected":false},"featured_media":531,"comment_status":"open","ping_status":"closed","template":"","meta":{"_acf_changed":false,"_joinchat":[]},"product_brand":[],"product_cat":[18],"product_tag":[],"class_list":{"0":"post-151","1":"product","2":"type-product","3":"status-publish","4":"has-post-thumbnail","6":"product_cat-filtros-para-tratamiento-de-agua","8":"first","9":"instock","10":"shipping-taxable","11":"purchasable","12":"product-type-simple"},"acf":[],"_links":{"self":[{"href":"https:\/\/etrai.com\/pe\/wp-json\/wp\/v2\/product\/151","targetHints":{"allow":["GET"]}}],"collection":[{"href":"https:\/\/etrai.com\/pe\/wp-json\/wp\/v2\/product"}],"about":[{"href":"https:\/\/etrai.com\/pe\/wp-json\/wp\/v2\/types\/product"}],"replies":[{"embeddable":true,"href":"https:\/\/etrai.com\/pe\/wp-json\/wp\/v2\/comments?post=151"}],"wp:featuredmedia":[{"embeddable":true,"href":"https:\/\/etrai.com\/pe\/wp-json\/wp\/v2\/media\/531"}],"wp:attachment":[{"href":"https:\/\/etrai.com\/pe\/wp-json\/wp\/v2\/media?parent=151"}],"wp:term":[{"taxonomy":"product_brand","embeddable":true,"href":"https:\/\/etrai.com\/pe\/wp-json\/wp\/v2\/product_brand?post=151"},{"taxonomy":"product_cat","embeddable":true,"href":"https:\/\/etrai.com\/pe\/wp-json\/wp\/v2\/product_cat?post=151"},{"taxonomy":"product_tag","embeddable":true,"href":"https:\/\/etrai.com\/pe\/wp-json\/wp\/v2\/product_tag?post=151"}],"curies":[{"name":"wp","href":"https:\/\/api.w.org\/{rel}","templated":true}]}}