{"id":157,"date":"2025-03-09T00:20:29","date_gmt":"2025-03-09T00:20:29","guid":{"rendered":"https:\/\/web.etrai.com\/?post_type=product&#038;p=157"},"modified":"2026-04-02T14:05:48","modified_gmt":"2026-04-02T19:05:48","slug":"porta-filtro-big-blue","status":"publish","type":"product","link":"https:\/\/etrai.com\/pe\/producto\/porta-filtro-big-blue\/","title":{"rendered":"Portafiltro Big Blue \/ 20&#215;4,5 Pulgadas"},"content":{"rendered":"","protected":false},"excerpt":{"rendered":"<ul>\n<li>Cuerpo: Azul<\/li>\n<li>Tipo: Big Blue<\/li>\n<li>Tama\u00f1o: 20&#215;4.5&#8243;<\/li>\n<li>Conexi\u00f3n: IN\/OUT 1&#8243; FNTP<\/li>\n<\/ul>\n<p data-start=\"136\" data-end=\"424\">Este portafiltro tipo Big Blue est\u00e1 dise\u00f1ado para aplicaciones de tratamiento de agua a nivel residencial, comercial o industrial. Fabricado en materiales resistentes asegura una larga vida \u00fatil y una alta capacidad de manejo de flujo. De instalaci\u00f3n sencilla y compatible con la mayor\u00eda de sistemas de plomer\u00eda, utilizado para etapas de pre filtraci\u00f3n o filtraci\u00f3n general en sistemas de agua potable o tratamiento de aguas.<\/p>\n","protected":false},"featured_media":541,"comment_status":"open","ping_status":"closed","template":"","meta":{"_acf_changed":false,"_joinchat":[]},"product_brand":[],"product_cat":[23],"product_tag":[],"class_list":{"0":"post-157","1":"product","2":"type-product","3":"status-publish","4":"has-post-thumbnail","6":"product_cat-portafiltro","8":"first","9":"instock","10":"featured","11":"shipping-taxable","12":"purchasable","13":"product-type-simple"},"acf":[],"_links":{"self":[{"href":"https:\/\/etrai.com\/pe\/wp-json\/wp\/v2\/product\/157","targetHints":{"allow":["GET"]}}],"collection":[{"href":"https:\/\/etrai.com\/pe\/wp-json\/wp\/v2\/product"}],"about":[{"href":"https:\/\/etrai.com\/pe\/wp-json\/wp\/v2\/types\/product"}],"replies":[{"embeddable":true,"href":"https:\/\/etrai.com\/pe\/wp-json\/wp\/v2\/comments?post=157"}],"wp:featuredmedia":[{"embeddable":true,"href":"https:\/\/etrai.com\/pe\/wp-json\/wp\/v2\/media\/541"}],"wp:attachment":[{"href":"https:\/\/etrai.com\/pe\/wp-json\/wp\/v2\/media?parent=157"}],"wp:term":[{"taxonomy":"product_brand","embeddable":true,"href":"https:\/\/etrai.com\/pe\/wp-json\/wp\/v2\/product_brand?post=157"},{"taxonomy":"product_cat","embeddable":true,"href":"https:\/\/etrai.com\/pe\/wp-json\/wp\/v2\/product_cat?post=157"},{"taxonomy":"product_tag","embeddable":true,"href":"https:\/\/etrai.com\/pe\/wp-json\/wp\/v2\/product_tag?post=157"}],"curies":[{"name":"wp","href":"https:\/\/api.w.org\/{rel}","templated":true}]}}