{"id":161,"date":"2025-03-09T00:29:15","date_gmt":"2025-03-09T00:29:15","guid":{"rendered":"https:\/\/web.etrai.com\/?post_type=product&#038;p=161"},"modified":"2026-03-05T13:51:33","modified_gmt":"2026-03-05T18:51:33","slug":"filtro-de-sedimentos-plisado-20x45","status":"publish","type":"product","link":"https:\/\/etrai.com\/pe\/producto\/filtro-de-sedimentos-plisado-20x45\/","title":{"rendered":"Cartucho \/ Plisado \/ 20&#215;4,5 Pulgadas"},"content":{"rendered":"","protected":false},"excerpt":{"rendered":"<ul>\n<li>Tipo: Plisado<\/li>\n<li>Material: Polipropileno<\/li>\n<li>Tama\u00f1o: 20X4,5 Pulg.<\/li>\n<li>Tama\u00f1o de Poro: 5 Micrones<\/li>\n<\/ul>\n<p>Este filtro de sedimentos tipo plisado est\u00e1 fabricado en polipropileno, dise\u00f1ado para una eficiente retenci\u00f3n de part\u00edculas s\u00f3lidas como tierra, arena, \u00f3xidos y otros contaminantes en suspensi\u00f3n, ofrece una amplia superficie de filtrado gracias a su dise\u00f1o plisado, lo que permite un mayor flujo de agua y una vida \u00fatil extendida en comparaci\u00f3n con filtros convencionales.<\/p>\n","protected":false},"featured_media":529,"comment_status":"open","ping_status":"closed","template":"","meta":{"_acf_changed":false,"_joinchat":[]},"product_brand":[],"product_cat":[18],"product_tag":[],"class_list":{"0":"post-161","1":"product","2":"type-product","3":"status-publish","4":"has-post-thumbnail","6":"product_cat-filtros-para-tratamiento-de-agua","8":"first","9":"instock","10":"shipping-taxable","11":"purchasable","12":"product-type-simple"},"acf":[],"_links":{"self":[{"href":"https:\/\/etrai.com\/pe\/wp-json\/wp\/v2\/product\/161","targetHints":{"allow":["GET"]}}],"collection":[{"href":"https:\/\/etrai.com\/pe\/wp-json\/wp\/v2\/product"}],"about":[{"href":"https:\/\/etrai.com\/pe\/wp-json\/wp\/v2\/types\/product"}],"replies":[{"embeddable":true,"href":"https:\/\/etrai.com\/pe\/wp-json\/wp\/v2\/comments?post=161"}],"wp:featuredmedia":[{"embeddable":true,"href":"https:\/\/etrai.com\/pe\/wp-json\/wp\/v2\/media\/529"}],"wp:attachment":[{"href":"https:\/\/etrai.com\/pe\/wp-json\/wp\/v2\/media?parent=161"}],"wp:term":[{"taxonomy":"product_brand","embeddable":true,"href":"https:\/\/etrai.com\/pe\/wp-json\/wp\/v2\/product_brand?post=161"},{"taxonomy":"product_cat","embeddable":true,"href":"https:\/\/etrai.com\/pe\/wp-json\/wp\/v2\/product_cat?post=161"},{"taxonomy":"product_tag","embeddable":true,"href":"https:\/\/etrai.com\/pe\/wp-json\/wp\/v2\/product_tag?post=161"}],"curies":[{"name":"wp","href":"https:\/\/api.w.org\/{rel}","templated":true}]}}