{"id":207,"date":"2025-03-10T14:46:59","date_gmt":"2025-03-10T14:46:59","guid":{"rendered":"https:\/\/web.etrai.com\/?post_type=product&#038;p=207"},"modified":"2026-04-10T13:11:38","modified_gmt":"2026-04-10T18:11:38","slug":"filtro-de-sedimentos-20x45","status":"publish","type":"product","link":"https:\/\/etrai.com\/pe\/producto\/filtro-de-sedimentos-20x45\/","title":{"rendered":"Cartucho \/ Melt Blown \/ 20&#215;4,5 Pulgadas \/ 5 Micrones"},"content":{"rendered":"","protected":false},"excerpt":{"rendered":"<ul>\n<li>Tipo: Melt Blown<\/li>\n<li>Material: Polipropileno<\/li>\n<li>Tama\u00f1o: 20X4,5 Pulg.<\/li>\n<li>Tama\u00f1o de poro: 5 Micrones<\/li>\n<\/ul>\n<p>Este cartucho filtrante est\u00e1 fabricado en polipropileno mediante tecnolog\u00eda de soplado en fusi\u00f3n (Melt Blown), lo que garantiza una estructura uniforme y de alta densidad. Dise\u00f1ado especialmente para la retenci\u00f3n eficiente de sedimentos como tierra, arena, \u00f3xido y otras part\u00edculas s\u00f3lidas suspendidas en el agua.<\/p>\n","protected":false},"featured_media":522,"comment_status":"open","ping_status":"closed","template":"","meta":{"_acf_changed":false,"_joinchat":[]},"product_brand":[],"product_cat":[18],"product_tag":[],"class_list":{"0":"post-207","1":"product","2":"type-product","3":"status-publish","4":"has-post-thumbnail","6":"product_cat-filtros-para-tratamiento-de-agua","8":"first","9":"instock","10":"shipping-taxable","11":"purchasable","12":"product-type-simple"},"acf":[],"_links":{"self":[{"href":"https:\/\/etrai.com\/pe\/wp-json\/wp\/v2\/product\/207","targetHints":{"allow":["GET"]}}],"collection":[{"href":"https:\/\/etrai.com\/pe\/wp-json\/wp\/v2\/product"}],"about":[{"href":"https:\/\/etrai.com\/pe\/wp-json\/wp\/v2\/types\/product"}],"replies":[{"embeddable":true,"href":"https:\/\/etrai.com\/pe\/wp-json\/wp\/v2\/comments?post=207"}],"wp:featuredmedia":[{"embeddable":true,"href":"https:\/\/etrai.com\/pe\/wp-json\/wp\/v2\/media\/522"}],"wp:attachment":[{"href":"https:\/\/etrai.com\/pe\/wp-json\/wp\/v2\/media?parent=207"}],"wp:term":[{"taxonomy":"product_brand","embeddable":true,"href":"https:\/\/etrai.com\/pe\/wp-json\/wp\/v2\/product_brand?post=207"},{"taxonomy":"product_cat","embeddable":true,"href":"https:\/\/etrai.com\/pe\/wp-json\/wp\/v2\/product_cat?post=207"},{"taxonomy":"product_tag","embeddable":true,"href":"https:\/\/etrai.com\/pe\/wp-json\/wp\/v2\/product_tag?post=207"}],"curies":[{"name":"wp","href":"https:\/\/api.w.org\/{rel}","templated":true}]}}