{"id":212,"date":"2025-03-10T14:59:59","date_gmt":"2025-03-10T14:59:59","guid":{"rendered":"https:\/\/web.etrai.com\/?post_type=product&#038;p=212"},"modified":"2026-03-05T13:49:32","modified_gmt":"2026-03-05T18:49:32","slug":"filtro-remineralizador-en-linea-2x10-pulgadas","status":"publish","type":"product","link":"https:\/\/etrai.com\/pe\/producto\/filtro-remineralizador-en-linea-2x10-pulgadas\/","title":{"rendered":"Filtro Remineralizador en L\u00ednea \/ 2&#215;10 Pulgadas"},"content":{"rendered":"","protected":false},"excerpt":{"rendered":"<ul>\n<li>Tipo: Alcalinizador en l\u00ednea.<\/li>\n<li>Tama\u00f1o: 2X10 Pulg.<\/li>\n<li>F\u00e1cil conexi\u00f3n y compatible con la mayor\u00eda de sistemas de \u00f3smosis inversa.<\/li>\n<\/ul>\n<p>Este filtro de post-tratamiento\u00a0 de 4 etapas esta dise\u00f1ado para elevar el pH del agua y mineralizar el agua, mejorando las funciones metab\u00f3licas y ayudando al cuerpo a absorber minerales. Es ideal como etapa final en sistemas de \u00f3smosis inversa, devolviendo al agua minerales como calcio y magnesio, beneficiosos para la salud, ofreciendo una soluci\u00f3n pr\u00e1ctica y eficiente para obtener agua de excelente calidad en el hogar.<\/p>\n","protected":false},"featured_media":737,"comment_status":"open","ping_status":"closed","template":"","meta":{"_acf_changed":false,"_joinchat":[]},"product_brand":[],"product_cat":[18],"product_tag":[],"class_list":{"0":"post-212","1":"product","2":"type-product","3":"status-publish","4":"has-post-thumbnail","6":"product_cat-filtros-para-tratamiento-de-agua","8":"first","9":"instock","10":"featured","11":"shipping-taxable","12":"purchasable","13":"product-type-simple"},"acf":[],"_links":{"self":[{"href":"https:\/\/etrai.com\/pe\/wp-json\/wp\/v2\/product\/212","targetHints":{"allow":["GET"]}}],"collection":[{"href":"https:\/\/etrai.com\/pe\/wp-json\/wp\/v2\/product"}],"about":[{"href":"https:\/\/etrai.com\/pe\/wp-json\/wp\/v2\/types\/product"}],"replies":[{"embeddable":true,"href":"https:\/\/etrai.com\/pe\/wp-json\/wp\/v2\/comments?post=212"}],"wp:featuredmedia":[{"embeddable":true,"href":"https:\/\/etrai.com\/pe\/wp-json\/wp\/v2\/media\/737"}],"wp:attachment":[{"href":"https:\/\/etrai.com\/pe\/wp-json\/wp\/v2\/media?parent=212"}],"wp:term":[{"taxonomy":"product_brand","embeddable":true,"href":"https:\/\/etrai.com\/pe\/wp-json\/wp\/v2\/product_brand?post=212"},{"taxonomy":"product_cat","embeddable":true,"href":"https:\/\/etrai.com\/pe\/wp-json\/wp\/v2\/product_cat?post=212"},{"taxonomy":"product_tag","embeddable":true,"href":"https:\/\/etrai.com\/pe\/wp-json\/wp\/v2\/product_tag?post=212"}],"curies":[{"name":"wp","href":"https:\/\/api.w.org\/{rel}","templated":true}]}}