{"id":579,"date":"2025-07-01T14:22:43","date_gmt":"2025-07-01T19:22:43","guid":{"rendered":"https:\/\/etrai.com\/pe\/?post_type=product&#038;p=579"},"modified":"2026-04-02T14:01:19","modified_gmt":"2026-04-02T19:01:19","slug":"portafiltro-cuerpo-azul-10x25-pulgadas","status":"publish","type":"product","link":"https:\/\/etrai.com\/pe\/producto\/portafiltro-cuerpo-azul-10x25-pulgadas\/","title":{"rendered":"Portafiltro \/ Cuerpo Azul \/ 10&#215;2,5 Pulgadas"},"content":{"rendered":"","protected":false},"excerpt":{"rendered":"<ul>\n<li>Cuerpo: Azul<\/li>\n<li>Tama\u00f1o: 10&#215;2.5 Pulgadas<\/li>\n<li>Conexi\u00f3n: IN\/OUT 1\/2&#8243; FNTP<\/li>\n<\/ul>\n<p data-start=\"136\" data-end=\"424\">Este portafiltro est\u00e1 dise\u00f1ado para aplicaciones de tratamiento de agua a nivel residencial, comercial o industrial. Fabricado en materiales resistentes asegura una larga vida \u00fatil y una alta capacidad de flujo. La instalaci\u00f3n es sencilla y compatible con la mayor\u00eda de sistemas de plomer\u00eda, utilizado para etapas de pre filtraci\u00f3n o filtraci\u00f3n general en sistemas de aguas.<\/p>\n","protected":false},"featured_media":580,"comment_status":"open","ping_status":"closed","template":"","meta":{"_acf_changed":false,"_joinchat":[]},"product_brand":[],"product_cat":[23],"product_tag":[],"class_list":{"0":"post-579","1":"product","2":"type-product","3":"status-publish","4":"has-post-thumbnail","6":"product_cat-portafiltro","8":"first","9":"instock","10":"shipping-taxable","11":"purchasable","12":"product-type-simple"},"acf":[],"_links":{"self":[{"href":"https:\/\/etrai.com\/pe\/wp-json\/wp\/v2\/product\/579","targetHints":{"allow":["GET"]}}],"collection":[{"href":"https:\/\/etrai.com\/pe\/wp-json\/wp\/v2\/product"}],"about":[{"href":"https:\/\/etrai.com\/pe\/wp-json\/wp\/v2\/types\/product"}],"replies":[{"embeddable":true,"href":"https:\/\/etrai.com\/pe\/wp-json\/wp\/v2\/comments?post=579"}],"wp:featuredmedia":[{"embeddable":true,"href":"https:\/\/etrai.com\/pe\/wp-json\/wp\/v2\/media\/580"}],"wp:attachment":[{"href":"https:\/\/etrai.com\/pe\/wp-json\/wp\/v2\/media?parent=579"}],"wp:term":[{"taxonomy":"product_brand","embeddable":true,"href":"https:\/\/etrai.com\/pe\/wp-json\/wp\/v2\/product_brand?post=579"},{"taxonomy":"product_cat","embeddable":true,"href":"https:\/\/etrai.com\/pe\/wp-json\/wp\/v2\/product_cat?post=579"},{"taxonomy":"product_tag","embeddable":true,"href":"https:\/\/etrai.com\/pe\/wp-json\/wp\/v2\/product_tag?post=579"}],"curies":[{"name":"wp","href":"https:\/\/api.w.org\/{rel}","templated":true}]}}