{"id":587,"date":"2025-07-04T14:06:17","date_gmt":"2025-07-04T19:06:17","guid":{"rendered":"https:\/\/etrai.com\/pe\/?post_type=product&#038;p=587"},"modified":"2026-03-05T13:45:58","modified_gmt":"2026-03-05T18:45:58","slug":"filtro-de-carbon-activado-granulado-20x25-pulgadas","status":"publish","type":"product","link":"https:\/\/etrai.com\/pe\/producto\/filtro-de-carbon-activado-granulado-20x25-pulgadas\/","title":{"rendered":"Filtro de carb\u00f3n activado granulado \/ 20&#215;2,5 Pulgadas"},"content":{"rendered":"","protected":false},"excerpt":{"rendered":"<ul>\n<li>Filtro de Carb\u00f3n Activado Granulado<\/li>\n<li>Tama\u00f1o: 20X2,5 Pulg.<\/li>\n<\/ul>\n<p>El filtro de carb\u00f3n activado granulado (GAC) es un cartucho filtrante dise\u00f1ado para la adsorci\u00f3n eficiente de contaminantes org\u00e1nicos, cloro, sabores y olores presentes en el agua. Gracias a su medio filtrante de carb\u00f3n activado granulado, este cartucho ofrece una alta capacidad de retenci\u00f3n de compuestos, mejorando notablemente la calidad y el sabor del agua tratada.<\/p>\n","protected":false},"featured_media":588,"comment_status":"open","ping_status":"closed","template":"","meta":{"_acf_changed":false,"_joinchat":[]},"product_brand":[],"product_cat":[18],"product_tag":[],"class_list":{"0":"post-587","1":"product","2":"type-product","3":"status-publish","4":"has-post-thumbnail","6":"product_cat-filtros-para-tratamiento-de-agua","8":"first","9":"instock","10":"shipping-taxable","11":"purchasable","12":"product-type-simple"},"acf":[],"_links":{"self":[{"href":"https:\/\/etrai.com\/pe\/wp-json\/wp\/v2\/product\/587","targetHints":{"allow":["GET"]}}],"collection":[{"href":"https:\/\/etrai.com\/pe\/wp-json\/wp\/v2\/product"}],"about":[{"href":"https:\/\/etrai.com\/pe\/wp-json\/wp\/v2\/types\/product"}],"replies":[{"embeddable":true,"href":"https:\/\/etrai.com\/pe\/wp-json\/wp\/v2\/comments?post=587"}],"wp:featuredmedia":[{"embeddable":true,"href":"https:\/\/etrai.com\/pe\/wp-json\/wp\/v2\/media\/588"}],"wp:attachment":[{"href":"https:\/\/etrai.com\/pe\/wp-json\/wp\/v2\/media?parent=587"}],"wp:term":[{"taxonomy":"product_brand","embeddable":true,"href":"https:\/\/etrai.com\/pe\/wp-json\/wp\/v2\/product_brand?post=587"},{"taxonomy":"product_cat","embeddable":true,"href":"https:\/\/etrai.com\/pe\/wp-json\/wp\/v2\/product_cat?post=587"},{"taxonomy":"product_tag","embeddable":true,"href":"https:\/\/etrai.com\/pe\/wp-json\/wp\/v2\/product_tag?post=587"}],"curies":[{"name":"wp","href":"https:\/\/api.w.org\/{rel}","templated":true}]}}