{"id":597,"date":"2025-07-04T15:28:39","date_gmt":"2025-07-04T20:28:39","guid":{"rendered":"https:\/\/etrai.com\/pe\/?post_type=product&#038;p=597"},"modified":"2026-03-05T13:45:03","modified_gmt":"2026-03-05T18:45:03","slug":"cartucho-recargable-20x25-pulgadas","status":"publish","type":"product","link":"https:\/\/etrai.com\/pe\/producto\/cartucho-recargable-20x25-pulgadas\/","title":{"rendered":"Cartucho recargable \/ 20&#215;2,5 Pulgadas"},"content":{"rendered":"","protected":false},"excerpt":{"rendered":"<ul>\n<li data-start=\"169\" data-end=\"565\">Cartucho recargable<\/li>\n<li data-start=\"169\" data-end=\"565\">Tama\u00f1o: 20&#215;2,5 Pulgadas<\/li>\n<\/ul>\n<p data-start=\"169\" data-end=\"565\">El cartucho filtrante recargable est\u00e1 dise\u00f1ado para ofrecer una soluci\u00f3n flexible y econ\u00f3mica en sistemas de tratamiento de agua. Este cartucho permite ser rellenado con diversos medios filtrantes, como carb\u00f3n activado granular, resinas de intercambio i\u00f3nico, entre otros, adapt\u00e1ndose a las necesidades espec\u00edficas de purificaci\u00f3n o tratamiento requeridas. Fabricado con materiales de alta resistencia, larga vida \u00fatil y seguridad en el uso. Su dise\u00f1o est\u00e1ndar es compatible con la mayor\u00eda de los porta filtros de 10 pulgadas, facilitando su instalaci\u00f3n y reemplazo en sistemas domiciliarios, comerciales e industriales.<\/p>\n","protected":false},"featured_media":598,"comment_status":"open","ping_status":"closed","template":"","meta":{"_acf_changed":false,"_joinchat":[]},"product_brand":[],"product_cat":[18],"product_tag":[],"class_list":{"0":"post-597","1":"product","2":"type-product","3":"status-publish","4":"has-post-thumbnail","6":"product_cat-filtros-para-tratamiento-de-agua","8":"first","9":"instock","10":"shipping-taxable","11":"purchasable","12":"product-type-simple"},"acf":[],"_links":{"self":[{"href":"https:\/\/etrai.com\/pe\/wp-json\/wp\/v2\/product\/597","targetHints":{"allow":["GET"]}}],"collection":[{"href":"https:\/\/etrai.com\/pe\/wp-json\/wp\/v2\/product"}],"about":[{"href":"https:\/\/etrai.com\/pe\/wp-json\/wp\/v2\/types\/product"}],"replies":[{"embeddable":true,"href":"https:\/\/etrai.com\/pe\/wp-json\/wp\/v2\/comments?post=597"}],"wp:featuredmedia":[{"embeddable":true,"href":"https:\/\/etrai.com\/pe\/wp-json\/wp\/v2\/media\/598"}],"wp:attachment":[{"href":"https:\/\/etrai.com\/pe\/wp-json\/wp\/v2\/media?parent=597"}],"wp:term":[{"taxonomy":"product_brand","embeddable":true,"href":"https:\/\/etrai.com\/pe\/wp-json\/wp\/v2\/product_brand?post=597"},{"taxonomy":"product_cat","embeddable":true,"href":"https:\/\/etrai.com\/pe\/wp-json\/wp\/v2\/product_cat?post=597"},{"taxonomy":"product_tag","embeddable":true,"href":"https:\/\/etrai.com\/pe\/wp-json\/wp\/v2\/product_tag?post=597"}],"curies":[{"name":"wp","href":"https:\/\/api.w.org\/{rel}","templated":true}]}}