{"id":601,"date":"2025-07-04T15:42:50","date_gmt":"2025-07-04T20:42:50","guid":{"rendered":"https:\/\/etrai.com\/pe\/?post_type=product&#038;p=601"},"modified":"2026-03-05T13:43:53","modified_gmt":"2026-03-05T18:43:53","slug":"osmosis-inversa-residencial-280-lpd-2","status":"publish","type":"product","link":"https:\/\/etrai.com\/pe\/producto\/osmosis-inversa-residencial-280-lpd-2\/","title":{"rendered":"\u00d3smosis inversa \/ Residencial \/ 75 GPD (340 LPD)"},"content":{"rendered":"","protected":false},"excerpt":{"rendered":"<ul>\n<li>\u00d3smosis inversa<\/li>\n<li>Tipo: Residencial<\/li>\n<li>Modelo: RO &#8211; 75 GPD<\/li>\n<li>Conexi\u00f3n: 220 VAC; 50 Hz<\/li>\n<li>Producci\u00f3n de agua: 75 GPD (340 LPD)<\/li>\n<li>Cuenta con indicador de conductividad<\/li>\n<\/ul>\n<p data-start=\"161\" data-end=\"477\">Este sistema de \u00f3smosis inversa residencial est\u00e1 dise\u00f1ado para proporcionar agua de alta pureza directamente en el hogar. Garantizando un suministro constante de agua tratada para consumo directo. Su dise\u00f1o compacto permite una f\u00e1cil instalaci\u00f3n bajo el fregadero o en espacios reducidos, brindando agua de excelente calidad, libre de sales disueltas, metales pesados, cloro y otros contaminantes que afectan la salud y el sabor del agua. Este equipo cuenta con un indicador de conductividad, que permite monitorear la calidad del agua, asegurando un funcionamiento \u00f3ptimo para la tranquilidad del usuario.<\/p>\n","protected":false},"featured_media":602,"comment_status":"open","ping_status":"closed","template":"","meta":{"_acf_changed":false,"_joinchat":[]},"product_brand":[],"product_cat":[45],"product_tag":[],"class_list":{"0":"post-601","1":"product","2":"type-product","3":"status-publish","4":"has-post-thumbnail","6":"product_cat-equipo-de-osmosis-inversa","8":"first","9":"instock","10":"featured","11":"shipping-taxable","12":"purchasable","13":"product-type-simple"},"acf":[],"_links":{"self":[{"href":"https:\/\/etrai.com\/pe\/wp-json\/wp\/v2\/product\/601","targetHints":{"allow":["GET"]}}],"collection":[{"href":"https:\/\/etrai.com\/pe\/wp-json\/wp\/v2\/product"}],"about":[{"href":"https:\/\/etrai.com\/pe\/wp-json\/wp\/v2\/types\/product"}],"replies":[{"embeddable":true,"href":"https:\/\/etrai.com\/pe\/wp-json\/wp\/v2\/comments?post=601"}],"wp:featuredmedia":[{"embeddable":true,"href":"https:\/\/etrai.com\/pe\/wp-json\/wp\/v2\/media\/602"}],"wp:attachment":[{"href":"https:\/\/etrai.com\/pe\/wp-json\/wp\/v2\/media?parent=601"}],"wp:term":[{"taxonomy":"product_brand","embeddable":true,"href":"https:\/\/etrai.com\/pe\/wp-json\/wp\/v2\/product_brand?post=601"},{"taxonomy":"product_cat","embeddable":true,"href":"https:\/\/etrai.com\/pe\/wp-json\/wp\/v2\/product_cat?post=601"},{"taxonomy":"product_tag","embeddable":true,"href":"https:\/\/etrai.com\/pe\/wp-json\/wp\/v2\/product_tag?post=601"}],"curies":[{"name":"wp","href":"https:\/\/api.w.org\/{rel}","templated":true}]}}