{"id":621,"date":"2025-07-07T10:10:24","date_gmt":"2025-07-07T15:10:24","guid":{"rendered":"https:\/\/etrai.com\/pe\/?post_type=product&#038;p=621"},"modified":"2026-04-02T13:58:22","modified_gmt":"2026-04-02T18:58:22","slug":"tanque-prfv-12x48-pulgadas-758-litros","status":"publish","type":"product","link":"https:\/\/etrai.com\/pe\/producto\/tanque-prfv-12x48-pulgadas-758-litros\/","title":{"rendered":"Tanque PRFV \/ 12&#215;48 Pulgadas \/ 75,8 Litros"},"content":{"rendered":"","protected":false},"excerpt":{"rendered":"<ul>\n<li>Material: PRFV<\/li>\n<li>Tama\u00f1o: 12&#215;48 Pulgadas (0,3&#215;1,21 metros)<\/li>\n<li>Presi\u00f3n m\u00e1xima: 150 PSI (10 Bar)<\/li>\n<li>Conexi\u00f3n: TOP 2,5 Pulgadas BOTTON: Ninguna<\/li>\n<li>Volumen del tanque:78,5 Litros<\/li>\n<\/ul>\n<p>Los tanques de PRFV (pl\u00e1stico reforzado con fibra de vidrio), ofrecen una alta resistencia mec\u00e1nica y qu\u00edmica, ideal para aplicaciones en sistemas de tratamiento de agua. Dise\u00f1ado para soportar presiones de hasta 10 Bares, es compatible con v\u00e1lvulas de 2,5\u201d en su conexi\u00f3n superior, mientras que la parte inferior no presenta conexi\u00f3n, facilitando su instalaci\u00f3n vertical. Es ideal para filtros, suavizadores, filtros de arena, carb\u00f3n activado y aplicaciones donde se requiera un tanque resistente, duradero y con excelente desempe\u00f1o operativo.<\/p>\n","protected":false},"featured_media":622,"comment_status":"open","ping_status":"closed","template":"","meta":{"_acf_changed":false,"_joinchat":[]},"product_brand":[],"product_cat":[77],"product_tag":[],"class_list":{"0":"post-621","1":"product","2":"type-product","3":"status-publish","4":"has-post-thumbnail","6":"product_cat-tanques","8":"first","9":"instock","10":"shipping-taxable","11":"purchasable","12":"product-type-simple"},"acf":[],"_links":{"self":[{"href":"https:\/\/etrai.com\/pe\/wp-json\/wp\/v2\/product\/621","targetHints":{"allow":["GET"]}}],"collection":[{"href":"https:\/\/etrai.com\/pe\/wp-json\/wp\/v2\/product"}],"about":[{"href":"https:\/\/etrai.com\/pe\/wp-json\/wp\/v2\/types\/product"}],"replies":[{"embeddable":true,"href":"https:\/\/etrai.com\/pe\/wp-json\/wp\/v2\/comments?post=621"}],"wp:featuredmedia":[{"embeddable":true,"href":"https:\/\/etrai.com\/pe\/wp-json\/wp\/v2\/media\/622"}],"wp:attachment":[{"href":"https:\/\/etrai.com\/pe\/wp-json\/wp\/v2\/media?parent=621"}],"wp:term":[{"taxonomy":"product_brand","embeddable":true,"href":"https:\/\/etrai.com\/pe\/wp-json\/wp\/v2\/product_brand?post=621"},{"taxonomy":"product_cat","embeddable":true,"href":"https:\/\/etrai.com\/pe\/wp-json\/wp\/v2\/product_cat?post=621"},{"taxonomy":"product_tag","embeddable":true,"href":"https:\/\/etrai.com\/pe\/wp-json\/wp\/v2\/product_tag?post=621"}],"curies":[{"name":"wp","href":"https:\/\/api.w.org\/{rel}","templated":true}]}}