{"id":626,"date":"2025-07-07T11:00:24","date_gmt":"2025-07-07T16:00:24","guid":{"rendered":"https:\/\/etrai.com\/pe\/?post_type=product&#038;p=626"},"modified":"2026-04-02T13:58:00","modified_gmt":"2026-04-02T18:58:00","slug":"tobera-superior-h2805-3-4-pulgada","status":"publish","type":"product","link":"https:\/\/etrai.com\/pe\/producto\/tobera-superior-h2805-3-4-pulgada\/","title":{"rendered":"Tobera superior \/ H2805 \/ 3\/4 Pulgada"},"content":{"rendered":"","protected":false},"excerpt":{"rendered":"<ul>\n<li>Tobera: Superior<\/li>\n<li>Moldeo: H2805<\/li>\n<li>Material: Polipropileno<\/li>\n<li>Ranura: 0,25 mm<\/li>\n<li>Conexi\u00f3n: 3\/4 Pulgadas<\/li>\n<\/ul>\n<p>La tobera superior modelo H2805 est\u00e1 dise\u00f1ada para sistemas de filtraci\u00f3n de agua, asegurando una distribuci\u00f3n uniforme del flujo y evitando la p\u00e9rdida de medios filtrantes, ofrece durabilidad frente a la corrosi\u00f3n y productos qu\u00edmicos utilizados en tratamiento de agua. Su ranura de 0,25 mm permite un \u00f3ptimo paso del agua reteniendo part\u00edculas y medios filtrantes, mientras su conexi\u00f3n de 3\/4 de pulgada facilita una instalaci\u00f3n r\u00e1pida y segura en diversos sistemas.<\/p>\n","protected":false},"featured_media":627,"comment_status":"open","ping_status":"closed","template":"","meta":{"_acf_changed":false,"_joinchat":[]},"product_brand":[],"product_cat":[32],"product_tag":[],"class_list":{"0":"post-626","1":"product","2":"type-product","3":"status-publish","4":"has-post-thumbnail","6":"product_cat-98-toberas","8":"first","9":"instock","10":"shipping-taxable","11":"purchasable","12":"product-type-simple"},"acf":[],"_links":{"self":[{"href":"https:\/\/etrai.com\/pe\/wp-json\/wp\/v2\/product\/626","targetHints":{"allow":["GET"]}}],"collection":[{"href":"https:\/\/etrai.com\/pe\/wp-json\/wp\/v2\/product"}],"about":[{"href":"https:\/\/etrai.com\/pe\/wp-json\/wp\/v2\/types\/product"}],"replies":[{"embeddable":true,"href":"https:\/\/etrai.com\/pe\/wp-json\/wp\/v2\/comments?post=626"}],"wp:featuredmedia":[{"embeddable":true,"href":"https:\/\/etrai.com\/pe\/wp-json\/wp\/v2\/media\/627"}],"wp:attachment":[{"href":"https:\/\/etrai.com\/pe\/wp-json\/wp\/v2\/media?parent=626"}],"wp:term":[{"taxonomy":"product_brand","embeddable":true,"href":"https:\/\/etrai.com\/pe\/wp-json\/wp\/v2\/product_brand?post=626"},{"taxonomy":"product_cat","embeddable":true,"href":"https:\/\/etrai.com\/pe\/wp-json\/wp\/v2\/product_cat?post=626"},{"taxonomy":"product_tag","embeddable":true,"href":"https:\/\/etrai.com\/pe\/wp-json\/wp\/v2\/product_tag?post=626"}],"curies":[{"name":"wp","href":"https:\/\/api.w.org\/{rel}","templated":true}]}}