{"id":674,"date":"2025-07-09T13:41:46","date_gmt":"2025-07-09T18:41:46","guid":{"rendered":"https:\/\/etrai.com\/pe\/?post_type=product&#038;p=674"},"modified":"2026-04-14T09:03:27","modified_gmt":"2026-04-14T14:03:27","slug":"tanque-para-dosificacion-polietileno-200-litros","status":"publish","type":"product","link":"https:\/\/etrai.com\/pe\/producto\/tanque-para-dosificacion-polietileno-200-litros\/","title":{"rendered":"Tanque para Dosificaci\u00f3n \/ 200 Litros"},"content":{"rendered":"","protected":false},"excerpt":{"rendered":"<ul>\n<li>Tanque para dosificaci\u00f3n de qu\u00edmicos<\/li>\n<li>Material: Polietileno<\/li>\n<li>Volumen: 200 litros<\/li>\n<li>Color: Blanco<\/li>\n<\/ul>\n<p>Este tanque est\u00e1 dise\u00f1ado para el almacenamiento y preparaci\u00f3n de soluciones qu\u00edmicas utilizado en sistemas de tratamiento de agua y procesos industriales. Fabricado en polietileno, ofrece durabilidad, seguridad y compatibilidad con una amplia variedad de productos qu\u00edmicos, manteniendo su integridad estructural y evitando la corrosi\u00f3n.<\/p>\n","protected":false},"featured_media":675,"comment_status":"open","ping_status":"closed","template":"","meta":{"_acf_changed":false,"_joinchat":[]},"product_brand":[],"product_cat":[77],"product_tag":[],"class_list":{"0":"post-674","1":"product","2":"type-product","3":"status-publish","4":"has-post-thumbnail","6":"product_cat-tanques","8":"first","9":"instock","10":"shipping-taxable","11":"purchasable","12":"product-type-simple"},"acf":[],"_links":{"self":[{"href":"https:\/\/etrai.com\/pe\/wp-json\/wp\/v2\/product\/674","targetHints":{"allow":["GET"]}}],"collection":[{"href":"https:\/\/etrai.com\/pe\/wp-json\/wp\/v2\/product"}],"about":[{"href":"https:\/\/etrai.com\/pe\/wp-json\/wp\/v2\/types\/product"}],"replies":[{"embeddable":true,"href":"https:\/\/etrai.com\/pe\/wp-json\/wp\/v2\/comments?post=674"}],"wp:featuredmedia":[{"embeddable":true,"href":"https:\/\/etrai.com\/pe\/wp-json\/wp\/v2\/media\/675"}],"wp:attachment":[{"href":"https:\/\/etrai.com\/pe\/wp-json\/wp\/v2\/media?parent=674"}],"wp:term":[{"taxonomy":"product_brand","embeddable":true,"href":"https:\/\/etrai.com\/pe\/wp-json\/wp\/v2\/product_brand?post=674"},{"taxonomy":"product_cat","embeddable":true,"href":"https:\/\/etrai.com\/pe\/wp-json\/wp\/v2\/product_cat?post=674"},{"taxonomy":"product_tag","embeddable":true,"href":"https:\/\/etrai.com\/pe\/wp-json\/wp\/v2\/product_tag?post=674"}],"curies":[{"name":"wp","href":"https:\/\/api.w.org\/{rel}","templated":true}]}}