{"id":684,"date":"2025-07-09T15:48:05","date_gmt":"2025-07-09T20:48:05","guid":{"rendered":"https:\/\/etrai.com\/pe\/?post_type=product&#038;p=684"},"modified":"2026-04-02T13:52:29","modified_gmt":"2026-04-02T18:52:29","slug":"injector-venturi-1-pulgada-9-m3-h","status":"publish","type":"product","link":"https:\/\/etrai.com\/pe\/producto\/injector-venturi-1-pulgada-9-m3-h\/","title":{"rendered":"INJECTOR VENTURI \/ CONEXI\u00d3N: 1&#8243; NPT \/ MATERIAL: PVDF"},"content":{"rendered":"","protected":false},"excerpt":{"rendered":"<ul>\n<li>Injector venturi<\/li>\n<li>Modelo: F32V<\/li>\n<li>Conexi\u00f3n: 1Pulgada NPT (DN25)<\/li>\n<li>Material: PVDF<\/li>\n<li>Flujo m\u00e1ximo: 9 m3\/Hr<\/li>\n<\/ul>\n<p>Los inyectores Venturi son dispositivos hidr\u00e1ulicos esenciales en sistemas de generaci\u00f3n y aplicaci\u00f3n de ozono, ya que permiten la inyecci\u00f3n y mezcla eficiente del gas ozono con el flujo de agua a tratar. Su principio de funcionamiento se basa en el efecto Venturi: cuando el agua pasa a alta velocidad por el interior del inyector, se genera una zona de baja presi\u00f3n que succiona el ozono desde el generador y lo incorpora directamente al flujo de agua.<\/p>\n","protected":false},"featured_media":685,"comment_status":"open","ping_status":"closed","template":"","meta":{"_acf_changed":false,"_joinchat":[]},"product_brand":[],"product_cat":[51],"product_tag":[],"class_list":{"0":"post-684","1":"product","2":"type-product","3":"status-publish","4":"has-post-thumbnail","6":"product_cat-venturi","8":"first","9":"instock","10":"shipping-taxable","11":"purchasable","12":"product-type-simple"},"acf":[],"_links":{"self":[{"href":"https:\/\/etrai.com\/pe\/wp-json\/wp\/v2\/product\/684","targetHints":{"allow":["GET"]}}],"collection":[{"href":"https:\/\/etrai.com\/pe\/wp-json\/wp\/v2\/product"}],"about":[{"href":"https:\/\/etrai.com\/pe\/wp-json\/wp\/v2\/types\/product"}],"replies":[{"embeddable":true,"href":"https:\/\/etrai.com\/pe\/wp-json\/wp\/v2\/comments?post=684"}],"wp:featuredmedia":[{"embeddable":true,"href":"https:\/\/etrai.com\/pe\/wp-json\/wp\/v2\/media\/685"}],"wp:attachment":[{"href":"https:\/\/etrai.com\/pe\/wp-json\/wp\/v2\/media?parent=684"}],"wp:term":[{"taxonomy":"product_brand","embeddable":true,"href":"https:\/\/etrai.com\/pe\/wp-json\/wp\/v2\/product_brand?post=684"},{"taxonomy":"product_cat","embeddable":true,"href":"https:\/\/etrai.com\/pe\/wp-json\/wp\/v2\/product_cat?post=684"},{"taxonomy":"product_tag","embeddable":true,"href":"https:\/\/etrai.com\/pe\/wp-json\/wp\/v2\/product_tag?post=684"}],"curies":[{"name":"wp","href":"https:\/\/api.w.org\/{rel}","templated":true}]}}