{"id":696,"date":"2025-07-10T08:36:45","date_gmt":"2025-07-10T13:36:45","guid":{"rendered":"https:\/\/etrai.com\/pe\/?post_type=product&#038;p=696"},"modified":"2026-03-05T12:42:37","modified_gmt":"2026-03-05T17:42:37","slug":"rotametro-lzm-15g-18-18-lpm","status":"publish","type":"product","link":"https:\/\/etrai.com\/pe\/producto\/rotametro-lzm-15g-18-18-lpm\/","title":{"rendered":"Rot\u00e1metro \/ LZM &#8211; 15ZT \/ 0.5 &#8211; 5 GPM"},"content":{"rendered":"","protected":false},"excerpt":{"rendered":"<ul>\n<li>Rot\u00e1metro<\/li>\n<li>Modelo: LZM &#8211; 15ZT<\/li>\n<li>Caudal: 0,5-5 GPM<\/li>\n<li>Conexi\u00f3n: 1\/2 pulgada NPT<\/li>\n<li>Rosca: Macho<\/li>\n<\/ul>\n<p>Los rot\u00e1metros son instrumentos de medici\u00f3n de caudal que funciona seg\u00fan el principio de \u00e1rea variable. Se utiliza para medir el flujo volum\u00e9trico<\/p>\n","protected":false},"featured_media":879,"comment_status":"open","ping_status":"closed","template":"","meta":{"_acf_changed":false,"_joinchat":[]},"product_brand":[],"product_cat":[35],"product_tag":[],"class_list":{"0":"post-696","1":"product","2":"type-product","3":"status-publish","4":"has-post-thumbnail","6":"product_cat-92-rotametros","8":"first","9":"instock","10":"shipping-taxable","11":"purchasable","12":"product-type-simple"},"acf":[],"_links":{"self":[{"href":"https:\/\/etrai.com\/pe\/wp-json\/wp\/v2\/product\/696","targetHints":{"allow":["GET"]}}],"collection":[{"href":"https:\/\/etrai.com\/pe\/wp-json\/wp\/v2\/product"}],"about":[{"href":"https:\/\/etrai.com\/pe\/wp-json\/wp\/v2\/types\/product"}],"replies":[{"embeddable":true,"href":"https:\/\/etrai.com\/pe\/wp-json\/wp\/v2\/comments?post=696"}],"wp:featuredmedia":[{"embeddable":true,"href":"https:\/\/etrai.com\/pe\/wp-json\/wp\/v2\/media\/879"}],"wp:attachment":[{"href":"https:\/\/etrai.com\/pe\/wp-json\/wp\/v2\/media?parent=696"}],"wp:term":[{"taxonomy":"product_brand","embeddable":true,"href":"https:\/\/etrai.com\/pe\/wp-json\/wp\/v2\/product_brand?post=696"},{"taxonomy":"product_cat","embeddable":true,"href":"https:\/\/etrai.com\/pe\/wp-json\/wp\/v2\/product_cat?post=696"},{"taxonomy":"product_tag","embeddable":true,"href":"https:\/\/etrai.com\/pe\/wp-json\/wp\/v2\/product_tag?post=696"}],"curies":[{"name":"wp","href":"https:\/\/api.w.org\/{rel}","templated":true}]}}