{"id":699,"date":"2025-07-10T08:59:57","date_gmt":"2025-07-10T13:59:57","guid":{"rendered":"https:\/\/etrai.com\/pe\/?post_type=product&#038;p=699"},"modified":"2026-03-05T12:42:27","modified_gmt":"2026-03-05T17:42:27","slug":"rotametro-lzm-25zt-2-10-gpm","status":"publish","type":"product","link":"https:\/\/etrai.com\/pe\/producto\/rotametro-lzm-25zt-2-10-gpm\/","title":{"rendered":"Rot\u00e1metro \/ LZM &#8211; 25ZT\/ 2 &#8211; 10 GPM"},"content":{"rendered":"","protected":false},"excerpt":{"rendered":"<ul>\n<li>Rot\u00e1metro<\/li>\n<li>Modelo: LZM &#8211; 25ZT<\/li>\n<li>Caudal: (2-10 GPM)<\/li>\n<li>Conexi\u00f3n: 1 pulgada NPT<\/li>\n<li>Rosca: Macho<\/li>\n<\/ul>\n<p>Los rot\u00e1metros son instrumentos de medici\u00f3n de caudal que funciona seg\u00fan el principio de \u00e1rea variable. Se utiliza para medir el flujo volum\u00e9trico<\/p>\n","protected":false},"featured_media":880,"comment_status":"open","ping_status":"closed","template":"","meta":{"_acf_changed":false,"_joinchat":[]},"product_brand":[],"product_cat":[35],"product_tag":[],"class_list":{"0":"post-699","1":"product","2":"type-product","3":"status-publish","4":"has-post-thumbnail","6":"product_cat-92-rotametros","8":"first","9":"instock","10":"shipping-taxable","11":"purchasable","12":"product-type-simple"},"acf":[],"_links":{"self":[{"href":"https:\/\/etrai.com\/pe\/wp-json\/wp\/v2\/product\/699","targetHints":{"allow":["GET"]}}],"collection":[{"href":"https:\/\/etrai.com\/pe\/wp-json\/wp\/v2\/product"}],"about":[{"href":"https:\/\/etrai.com\/pe\/wp-json\/wp\/v2\/types\/product"}],"replies":[{"embeddable":true,"href":"https:\/\/etrai.com\/pe\/wp-json\/wp\/v2\/comments?post=699"}],"wp:featuredmedia":[{"embeddable":true,"href":"https:\/\/etrai.com\/pe\/wp-json\/wp\/v2\/media\/880"}],"wp:attachment":[{"href":"https:\/\/etrai.com\/pe\/wp-json\/wp\/v2\/media?parent=699"}],"wp:term":[{"taxonomy":"product_brand","embeddable":true,"href":"https:\/\/etrai.com\/pe\/wp-json\/wp\/v2\/product_brand?post=699"},{"taxonomy":"product_cat","embeddable":true,"href":"https:\/\/etrai.com\/pe\/wp-json\/wp\/v2\/product_cat?post=699"},{"taxonomy":"product_tag","embeddable":true,"href":"https:\/\/etrai.com\/pe\/wp-json\/wp\/v2\/product_tag?post=699"}],"curies":[{"name":"wp","href":"https:\/\/api.w.org\/{rel}","templated":true}]}}