{"id":712,"date":"2025-07-10T10:29:07","date_gmt":"2025-07-10T15:29:07","guid":{"rendered":"https:\/\/etrai.com\/pe\/?post_type=product&#038;p=712"},"modified":"2026-03-05T12:41:08","modified_gmt":"2026-03-05T17:41:08","slug":"rotametro-en-linea-lzm-25gf-20-110-lpm","status":"publish","type":"product","link":"https:\/\/etrai.com\/pe\/producto\/rotametro-en-linea-lzm-25gf-20-110-lpm\/","title":{"rendered":"Rot\u00e1metro en l\u00ednea \/ LZM &#8211; 25GF \/ 20 &#8211; 110 LPM"},"content":{"rendered":"","protected":false},"excerpt":{"rendered":"<ul>\n<li>Rot\u00e1metro en l\u00ednea<\/li>\n<li>Modelo: LZM &#8211; 25GF<\/li>\n<li>Caudal: 20 &#8211; 110 LPM (5 &#8211; 30 GPM)<\/li>\n<li>Conexi\u00f3n: 1 pulgada NPT<\/li>\n<li>Rosca: Hembra<\/li>\n<\/ul>\n<p>Los rot\u00e1metros son instrumentos de medici\u00f3n de caudal que funciona seg\u00fan el principio de \u00e1rea variable. Se utiliza para medir el flujo volum\u00e9trico.<\/p>\n","protected":false},"featured_media":713,"comment_status":"open","ping_status":"closed","template":"","meta":{"_acf_changed":false,"_joinchat":[]},"product_brand":[],"product_cat":[35],"product_tag":[],"class_list":{"0":"post-712","1":"product","2":"type-product","3":"status-publish","4":"has-post-thumbnail","6":"product_cat-92-rotametros","8":"first","9":"instock","10":"shipping-taxable","11":"purchasable","12":"product-type-simple"},"acf":[],"_links":{"self":[{"href":"https:\/\/etrai.com\/pe\/wp-json\/wp\/v2\/product\/712","targetHints":{"allow":["GET"]}}],"collection":[{"href":"https:\/\/etrai.com\/pe\/wp-json\/wp\/v2\/product"}],"about":[{"href":"https:\/\/etrai.com\/pe\/wp-json\/wp\/v2\/types\/product"}],"replies":[{"embeddable":true,"href":"https:\/\/etrai.com\/pe\/wp-json\/wp\/v2\/comments?post=712"}],"wp:featuredmedia":[{"embeddable":true,"href":"https:\/\/etrai.com\/pe\/wp-json\/wp\/v2\/media\/713"}],"wp:attachment":[{"href":"https:\/\/etrai.com\/pe\/wp-json\/wp\/v2\/media?parent=712"}],"wp:term":[{"taxonomy":"product_brand","embeddable":true,"href":"https:\/\/etrai.com\/pe\/wp-json\/wp\/v2\/product_brand?post=712"},{"taxonomy":"product_cat","embeddable":true,"href":"https:\/\/etrai.com\/pe\/wp-json\/wp\/v2\/product_cat?post=712"},{"taxonomy":"product_tag","embeddable":true,"href":"https:\/\/etrai.com\/pe\/wp-json\/wp\/v2\/product_tag?post=712"}],"curies":[{"name":"wp","href":"https:\/\/api.w.org\/{rel}","templated":true}]}}